{"id":38,"date":"2025-12-10T07:58:33","date_gmt":"2025-12-10T05:58:33","guid":{"rendered":"https:\/\/demo2wpopal.b-cdn.net\/eyecazi\/?page_id=38"},"modified":"2026-01-22T16:13:02","modified_gmt":"2026-01-22T14:13:02","slug":"politica-cookies","status":"publish","type":"page","link":"https:\/\/bestoptic.ro\/hu\/politica-cookies\/","title":{"rendered":"Cookie-szab\u00e1lyzat"},"content":{"rendered":"<div data-elementor-type=\"wp-page\" data-elementor-id=\"38\" class=\"elementor elementor-38\" data-elementor-post-type=\"page\">\n\t\t\t\t<div class=\"elementor-element elementor-element-610aa731 e-flex e-con-boxed e-con e-parent\" data-id=\"610aa731\" data-element_type=\"container\" data-e-type=\"container\">\n\t\t\t\t\t<div class=\"e-con-inner\">\n\t\t\t\t<div class=\"elementor-element elementor-element-1388f211 elementor-widget elementor-widget-text-editor\" data-id=\"1388f211\" data-element_type=\"widget\" data-e-type=\"widget\" data-widget_type=\"text-editor.default\">\n\t\t\t\t<div class=\"elementor-widget-container\">\n\t\t\t\t\t\t\t\t\t\n<p>Cookie-szab\u00e1lyzat<\/p>\n<ol>\n<li><u> Bevezet\u00e9s:<\/u><\/li>\n<\/ol>\n<p>Jelen cookie-szab\u00e1lyzat a www.bestoptic.ro\n weboldal minden felhaszn\u00e1l\u00f3j\u00e1ra alkalmazand\u00f3.\u00a0<a href=\"https:\/\/bestoptic.ro\/hu\/\">www.bestoptic.ro<\/a>Az al\u00e1bbi inform\u00e1ci\u00f3k c\u00e9lja, hogy t\u00e1j\u00e9koztass\u00e1k a weboldal felhaszn\u00e1l\u00f3it a cookie-k elhelyez\u00e9s\u00e9r\u0151l, haszn\u00e1lat\u00e1r\u00f3l \u00e9s kezel\u00e9s\u00e9r\u0151l a weboldalon t\u00f6rt\u00e9n\u0151 b\u00f6ng\u00e9sz\u00e9s sor\u00e1n.<\/p>\n<ol start=\"2\">\n<li><u> Mik azok a cookie-k?<\/u><\/li>\n<\/ol>\n<p>A \u201ecookie\u201d kifejez\u00e9st a cookie-modulokra \u00e9s azokra a hasonl\u00f3 technol\u00f3gi\u00e1kra haszn\u00e1ljuk, amelyek seg\u00edts\u00e9g\u00e9vel az inform\u00e1ci\u00f3k automatikusan gy\u0171jthet\u0151k.<\/p>\n<p>Az \u201eInternet Cookie\u201d (m\u00e1s n\u00e9ven \u201ebrowser cookie\u201d, \u201eHTTP cookie\u201d vagy egyszer\u0171en \u201ecookie\u201d) egy kis m\u00e9ret\u0171, bet\u0171kb\u0151l \u00e9s sz\u00e1mokb\u00f3l \u00e1ll\u00f3 f\u00e1jl, amely a felhaszn\u00e1l\u00f3 sz\u00e1m\u00edt\u00f3g\u00e9p\u00e9n, mobilk\u00e9sz\u00fcl\u00e9k\u00e9n vagy m\u00e1s olyan eszk\u00f6z\u00e9n ker\u00fcl t\u00e1rol\u00e1sra, amelyen kereszt\u00fcl az internetet el\u00e9ri.<\/p>\n<p>A cookie-kat egy webszerver b\u00f6ng\u00e9sz\u0151h\u00f6z int\u00e9zett k\u00e9r\u00e9se telep\u00edti (p\u00e9ld\u00e1ul: Internet Explorer, Firefox, Chrome). A telep\u00edtett cookie-k meghat\u00e1rozott \u00e9lettartammal rendelkeznek, \u00e9s \u201epassz\u00edvak\u201d maradnak, abban az \u00e9rtelemben, hogy nem tartalmaznak szoftverprogramokat, v\u00edrusokat vagy k\u00e9mprogramokat, \u00e9s nem f\u00e9rnek hozz\u00e1 annak a felhaszn\u00e1l\u00f3nak a merevlemez\u00e9n t\u00e1rolt inform\u00e1ci\u00f3khoz, akinek az eszk\u00f6z\u00e9re telep\u00edtett\u00e9k \u0151ket.<\/p>\n<p>Egy cookie k\u00e9t r\u00e9szb\u0151l \u00e1ll:<\/p>\n<ul>\n<li>a cookie neve<\/li>\n<li>a cookie tartalma vagy \u00e9rt\u00e9ke<\/li>\n<\/ul>\n<p>Technikai szempontb\u00f3l kiz\u00e1r\u00f3lag az a webszerver f\u00e9rhet hozz\u00e1 ism\u00e9t a cookie-hoz, amely azt elk\u00fcldte, amikor a felhaszn\u00e1l\u00f3 visszat\u00e9r arra a weboldalra, amely ehhez a webszerverhez kapcsol\u00f3dik.<\/p>\n<ol start=\"3\">\n<li><u> Milyen c\u00e9lokra haszn\u00e1lj\u00e1k a cookie-kat ezen a weboldalon?<\/u><\/li>\n<\/ol>\n<p>A cookie-kat az\u00e9rt haszn\u00e1ljuk, hogy a weboldal felhaszn\u00e1l\u00f3i sz\u00e1m\u00e1ra jobb b\u00f6ng\u00e9sz\u00e9si \u00e9lm\u00e9nyt \u00e9s minden egyes felhaszn\u00e1l\u00f3 ig\u00e9nyeihez \u00e9s \u00e9rdekl\u0151d\u00e9s\u00e9hez igaz\u00edtott szolg\u00e1ltat\u00e1sokat ny\u00fajtsunk, m\u00e9gpedig az al\u00e1bbi c\u00e9lokra:<\/p>\n<ul>\n<li>a weboldal haszn\u00e1lat\u00e1nak jav\u00edt\u00e1sa, ide\u00e9rtve azokat a hib\u00e1kat is, amelyek a felhaszn\u00e1l\u00f3k l\u00e1togat\u00e1sa\/haszn\u00e1lata sor\u00e1n jelentkeznek;<\/li>\n<li>n\u00e9vtelen statisztik\u00e1k k\u00e9sz\u00edt\u00e9se arr\u00f3l, hogyan haszn\u00e1lj\u00e1k ezt a weboldalt, annak tulajdonosak\u00e9nt;<\/li>\n<li>annak el\u0151rejelz\u00e9se, hogy a j\u00f6v\u0151ben milyen esetleges term\u00e9kek v\u00e1lhatnak el\u00e9rhet\u0151v\u00e9 a felhaszn\u00e1l\u00f3k sz\u00e1m\u00e1ra ezen a weboldalon kereszt\u00fcl, az ig\u00e9nybe vett szolg\u00e1ltat\u00e1sok \/ term\u00e9kek f\u00fcggv\u00e9ny\u00e9ben.<\/li>\n<\/ul>\n<p>A cookie-kon kereszt\u00fcl kapott visszajelz\u00e9sek alapj\u00e1n, amelyek a weboldal haszn\u00e1lat\u00e1ra vonatkoznak, a BEST OPTIC int\u00e9zked\u00e9seket hozhat annak \u00e9rdek\u00e9ben, hogy ez a weboldal hat\u00e9konyabb \u00e9s hozz\u00e1f\u00e9rhet\u0151bb legyen a felhaszn\u00e1l\u00f3k sz\u00e1m\u00e1ra.<\/p>\n<p>\u00cdgy a cookie-k haszn\u00e1lata lehet\u0151v\u00e9 teszi a weboldal felhaszn\u00e1l\u00f3i \u00e1ltal meghat\u00e1rozott bizonyos be\u00e1ll\u00edt\u00e1sok \/ preferenci\u00e1k megjegyz\u00e9s\u00e9t, mint p\u00e9ld\u00e1ul:<\/p>\n<ul>\n<li>az e-mail c\u00edm r\u00f6gz\u00edt\u00e9se a h\u00edrlev\u00e9lhez<\/li>\n<li>rendel\u00e9si \u00e9s fizet\u00e9si funkci\u00f3, rendel\u00e9s lead\u00e1sa a weboldalon bel\u00fcl<\/li>\n<\/ul>\n<ol start=\"4\">\n<li><u> Mennyi a cookie-k \u00e9lettartama?<\/u><\/li>\n<\/ol>\n<p>A cookie-k \u00e9lettartama jelent\u0151sen elt\u00e9rhet, att\u00f3l f\u00fcgg\u0151en, hogy milyen c\u00e9lb\u00f3l ker\u00fclnek elhelyez\u00e9sre. A k\u00f6vetkez\u0151 cookie-kateg\u00f3ri\u00e1k l\u00e9teznek, amelyek meghat\u00e1rozz\u00e1k ezek \u00e9lettartam\u00e1t is:<\/p>\n<p>Munkamenet-cookie-k \u2013 A \u201emunkamenet-cookie\u201d olyan cookie, amely automatikusan t\u00f6rl\u0151dik, amikor a felhaszn\u00e1l\u00f3 bez\u00e1rja a b\u00f6ng\u00e9sz\u0151t.<\/p>\n<p>\u00c1lland\u00f3 vagy r\u00f6gz\u00edtett cookie-k \u2013 Az \u201e\u00e1lland\u00f3\u201d vagy \u201er\u00f6gz\u00edtett\u201d cookie olyan cookie, amely a felhaszn\u00e1l\u00f3 eszk\u00f6z\u00e9n mindaddig t\u00e1rolva marad, am\u00edg el nem \u00e9ri egy meghat\u00e1rozott lej\u00e1rati d\u00e1tumot (amely lehet n\u00e9h\u00e1ny perc, nap vagy ak\u00e1r t\u00f6bb \u00e9v a j\u00f6v\u0151ben), vagy am\u00edg a felhaszn\u00e1l\u00f3 azt b\u00e1rmikor nem t\u00f6rli a b\u00f6ng\u00e9sz\u0151 be\u00e1ll\u00edt\u00e1sain kereszt\u00fcl.<\/p>\n<ol start=\"5\">\n<li><u> Mik azok a harmadik felek \u00e1ltal elhelyezett cookie-k?<\/u><\/li>\n<\/ol>\n<p>A weboldal bizonyos tartalmi r\u00e9szeit harmadik felek is biztos\u00edthatj\u00e1k, vagyis nem a BEST OPTIC, ebben az esetben ezeket a cookie-kat harmadik f\u00e9l \u00e1ltal elhelyezett cookie-knak (\u201ethird party cookies\u201d) nevezz\u00fck.<\/p>\n<p>A harmadik f\u00e9l cookie-szolg\u00e1ltat\u00f3inak szint\u00e9n be kell tartaniuk az adatv\u00e9delemre vonatkoz\u00f3 szab\u00e1lyokat \u00e9s az ezen a weboldalon el\u00e9rhet\u0151 Adatv\u00e9delmi Szab\u00e1lyzatot.<\/p>\n<p>Ezek a cookie-k a k\u00f6vetkez\u0151 harmadik felekt\u0151l sz\u00e1rmazhatnak: Google Analytics, Facebook.<\/p>\n<ol start=\"6\">\n<li><u> Milyen cookie-kat haszn\u00e1lnak ezen a weboldalon?<\/u><\/li>\n<\/ol>\n<p>A weboldal haszn\u00e1lata\/l\u00e1togat\u00e1sa sor\u00e1n felhaszn\u00e1l\u00f3i elemz\u0151 cookie-k ker\u00fclhetnek elhelyez\u00e9sre.<\/p>\n<p>Ezek a cookie-k arr\u00f3l t\u00e1j\u00e9koztatnak minket, hogy egy adott felhaszn\u00e1l\u00f3 kor\u00e1bban m\u00e1r megl\u00e1togatta \/ haszn\u00e1lta-e ezt a weboldalt. Ezeket a cookie-kat kiz\u00e1r\u00f3lag statisztikai c\u00e9lokra haszn\u00e1ljuk.<\/p>\n<ol start=\"7\">\n<li><u> Milyen t\u00edpus\u00fa inform\u00e1ci\u00f3kat t\u00e1rolnak \u00e9s \u00e9rnek el a cookie-kon kereszt\u00fcl?<\/u><\/li>\n<\/ol>\n<p>A cookie-k egy kis m\u00e9ret\u0171 sz\u00f6vegf\u00e1jlban t\u00e1rolnak inform\u00e1ci\u00f3kat, amelyek lehet\u0151v\u00e9 teszik a b\u00f6ng\u00e9sz\u0151 felismer\u00e9s\u00e9t. Ez a weboldal addig ismeri fel a b\u00f6ng\u00e9sz\u0151t, am\u00edg a cookie-k le nem j\u00e1rnak, vagy am\u00edg azokat nem t\u00f6rlik.<\/p>\n<ol start=\"8\">\n<li><u> A b\u00f6ng\u00e9sz\u0151 cookie-be\u00e1ll\u00edt\u00e1sainak testreszab\u00e1sa<\/u><\/li>\n<\/ol>\n<p>Amennyiben a cookie-k haszn\u00e1lata nem zavar\u00f3, \u00e9s a weboldal b\u00f6ng\u00e9sz\u00e9s\u00e9re haszn\u00e1lt sz\u00e1m\u00edt\u00f3g\u00e9pet vagy technikai eszk\u00f6zt kiz\u00e1r\u00f3lag \u00d6n haszn\u00e1lja, hossz\u00fa lej\u00e1rati id\u0151 is be\u00e1ll\u00edthat\u00f3 a b\u00f6ng\u00e9sz\u00e9si el\u0151zm\u00e9nyek t\u00e1rol\u00e1s\u00e1ra.<\/p>\n<p>Amennyiben a weboldal b\u00f6ng\u00e9sz\u00e9s\u00e9re haszn\u00e1lt sz\u00e1m\u00edt\u00f3g\u00e9pet vagy technikai eszk\u00f6zt t\u00f6bb szem\u00e9ly is haszn\u00e1lja, megfontolhat\u00f3 az a be\u00e1ll\u00edt\u00e1s, hogy a b\u00f6ng\u00e9sz\u0151 bez\u00e1r\u00e1sakor minden alkalommal t\u00f6rl\u0151djenek az egy\u00e9ni b\u00f6ng\u00e9sz\u00e9si adatok.<\/p>\n<ol start=\"9\">\n<li><u> Hogyan lehet letiltani a cookie-kat?<\/u><\/li>\n<\/ol>\n<p>A cookie-k letilt\u00e1sa \u00e9s fogad\u00e1suk elutas\u00edt\u00e1sa megnehez\u00edtheti ennek a weboldalnak a l\u00e1togat\u00e1s\u00e1t, \u00e9s korl\u00e1toz\u00e1sokat eredm\u00e9nyezhet a haszn\u00e1lati lehet\u0151s\u00e9gek tekintet\u00e9ben<\/p>\n<p>A felhaszn\u00e1l\u00f3k be\u00e1ll\u00edthatj\u00e1k b\u00f6ng\u00e9sz\u0151j\u00fcket \u00fagy, hogy elutas\u00edtsa a cookie-f\u00e1jlokat, vagy hogy csak egy adott weboldalr\u00f3l fogadjon el cookie-kat.<\/p>\n<p>Minden modern b\u00f6ng\u00e9sz\u0151 lehet\u0151s\u00e9get k\u00edn\u00e1l a cookie-be\u00e1ll\u00edt\u00e1sok m\u00f3dos\u00edt\u00e1s\u00e1ra. Ezek a be\u00e1ll\u00edt\u00e1sok \u00e1ltal\u00e1ban a b\u00f6ng\u00e9sz\u0151 \u201eopci\u00f3k\u201d r\u00e9sz\u00e9ben vagy a \u201ebe\u00e1ll\u00edt\u00e1sok \/ preferenci\u00e1k\u201d men\u00fcben \u00e9rhet\u0151k el.<\/p>\n<p>A cookie-k elutas\u00edt\u00e1sa vagy letilt\u00e1sa azonban nem jelenti azt, hogy t\u00f6bb\u00e9 nem fog online rekl\u00e1mokat kapni \u2013 csup\u00e1n azt, hogy ezek nem lesznek az \u00d6n b\u00f6ng\u00e9sz\u00e9si magatart\u00e1sa alapj\u00e1n felt\u00e1rt preferenci\u00e1ihoz \u00e9s \u00e9rdekl\u0151d\u00e9si k\u00f6r\u00e9hez igaz\u00edtva.<\/p>\n<p>A weboldalon kereszt\u00fcl haszn\u00e1lt cookie-kkal kapcsolatos b\u00e1rmilyen tov\u00e1bbi k\u00e9rd\u00e9s eset\u00e9n k\u00e9rj\u00fck, forduljon hozz\u00e1nk a k\u00f6vetkez\u0151 c\u00edmen: dpo@bestoptic.ro<\/p>\n\t\t\t\t\t\t\t\t<\/div>\n\t\t\t\t<\/div>\n\t\t\t\t\t<\/div>\n\t\t\t\t<\/div>\n\t\t\t\t<\/div>","protected":false},"excerpt":{"rendered":"<p>POLITICA PRIVIND UTILIZAREA FI\u0218IERELOR COOKIES Introducere : Prezenta Politic\u0103 privind fi\u0219ierele cookies se aplic\u0103 tuturor utilizatorilor paginii de internet\u00a0www.bestoptic.ro. Informa\u021biile prezentate \u00een continuare au ca scop informarea utilizatorilor acestei pagini de internet cu privire la plasarea, utilizarea \u0219i administrarea cookie-urilor \u00een contextul navig\u0103rii pe aceast\u0103 pagin\u0103 de internet. Ce sunt cookie-urile? Folosim termenul \u201ecookie\u201d-uri pentru [&hellip;]<\/p>\n","protected":false},"author":3,"featured_media":0,"parent":0,"menu_order":0,"comment_status":"closed","ping_status":"closed","template":"","meta":{"footnotes":""},"class_list":["post-38","page","type-page","status-publish","hentry"],"_links":{"self":[{"href":"https:\/\/bestoptic.ro\/hu\/wp-json\/wp\/v2\/pages\/38","targetHints":{"allow":["GET"]}}],"collection":[{"href":"https:\/\/bestoptic.ro\/hu\/wp-json\/wp\/v2\/pages"}],"about":[{"href":"https:\/\/bestoptic.ro\/hu\/wp-json\/wp\/v2\/types\/page"}],"author":[{"embeddable":true,"href":"https:\/\/bestoptic.ro\/hu\/wp-json\/wp\/v2\/users\/3"}],"replies":[{"embeddable":true,"href":"https:\/\/bestoptic.ro\/hu\/wp-json\/wp\/v2\/comments?post=38"}],"version-history":[{"count":10,"href":"https:\/\/bestoptic.ro\/hu\/wp-json\/wp\/v2\/pages\/38\/revisions"}],"predecessor-version":[{"id":11958,"href":"https:\/\/bestoptic.ro\/hu\/wp-json\/wp\/v2\/pages\/38\/revisions\/11958"}],"wp:attachment":[{"href":"https:\/\/bestoptic.ro\/hu\/wp-json\/wp\/v2\/media?parent=38"}],"curies":[{"name":"wp","href":"https:\/\/api.w.org\/{rel}","templated":true}]}}