{"id":3,"date":"2025-08-23T06:52:49","date_gmt":"2025-08-23T06:52:49","guid":{"rendered":"https:\/\/demo2wpopal.b-cdn.net\/eyecazi\/?page_id=3"},"modified":"2026-01-22T16:12:12","modified_gmt":"2026-01-22T14:12:12","slug":"termeni-si-conditii","status":"publish","type":"page","link":"https:\/\/bestoptic.ro\/hu\/termeni-si-conditii\/","title":{"rendered":"Felhaszn\u00e1l\u00e1si felt\u00e9telek"},"content":{"rendered":"<div data-elementor-type=\"wp-page\" data-elementor-id=\"3\" class=\"elementor elementor-3\" data-elementor-post-type=\"page\">\n\t\t\t\t<div class=\"elementor-element elementor-element-6f237025 e-flex e-con-boxed e-con e-parent\" data-id=\"6f237025\" data-element_type=\"container\" data-e-type=\"container\">\n\t\t\t\t\t<div class=\"e-con-inner\">\n\t\t\t\t<div class=\"elementor-element elementor-element-7e71b8b2 elementor-widget elementor-widget-text-editor\" data-id=\"7e71b8b2\" data-element_type=\"widget\" data-e-type=\"widget\" data-widget_type=\"text-editor.default\">\n\t\t\t\t<div class=\"elementor-widget-container\">\n\t\t\t\t\t\t\t\t\t\n<p>A www.bestoptic.ro\n weboldal tartalma (a tov\u00e1bbiakban: \u201eWeboldal\u201d) a B.G. VISION S.R.L. kiz\u00e1r\u00f3lagos tulajdon\u00e1t k\u00e9pezi (a tov\u00e1bbiakban: \u201eTulajdonos\u201d vagy \u201eBEST OPTIC\u201d), amelynek sz\u00e9khelye Brass\u00f3, Barbu \u0218tef\u0103nescu Delavrancea utca 10. sz\u00e1m, 3. iroda, Brass\u00f3 megye, a Kereskedelmi Nyilv\u00e1ntart\u00e1sban J2012000927085 sz\u00e1mon bejegyezve, ad\u00f3sz\u00e1ma RO 30338144.<\/p>\n<p>A www.bestoptic.ro\n weboldal teljes tartalma (k\u00e9pek, sz\u00f6vegek, grafik\u00e1k, szimb\u00f3lumok, webgrafikai elemek, szkriptek, programok \u00e9s egy\u00e9b adatok) a Tulajdonos tulajdon\u00e1t k\u00e9pezi, \u00e9s a szerz\u0151i jogi t\u00f6rv\u00e9ny, valamint a szellemi \u00e9s ipari tulajdonra vonatkoz\u00f3 jogszab\u00e1lyok v\u00e9delme alatt \u00e1ll. A fent felsorolt elemek b\u00e1rmelyik\u00e9nek a Tulajdonos \u00edr\u00e1sbeli enged\u00e9lye n\u00e9lk\u00fcli felhaszn\u00e1l\u00e1sa a hat\u00e1lyos jogszab\u00e1lyok szerint b\u00fcntetend\u0151.<\/p>\n<p><strong>\u00a0<\/strong><\/p>\n<p>A Tulajdonos minden felhaszn\u00e1l\u00f3 sz\u00e1m\u00e1ra korl\u00e1tozott, szem\u00e9lyes c\u00e9l\u00fa hozz\u00e1f\u00e9r\u00e9st biztos\u00edt a www.bestoptic.ro\n weboldalhoz, azonban ez nem jogos\u00edtja fel a felhaszn\u00e1l\u00f3kat a weboldal r\u00e9szleges vagy teljes let\u00f6lt\u00e9s\u00e9re, m\u00f3dos\u00edt\u00e1s\u00e1ra, reproduk\u00e1l\u00e1s\u00e1ra, m\u00e1sol\u00e1s\u00e1ra, \u00e9rt\u00e9kes\u00edt\u00e9s\u00e9re vagy viszont\u00e9rt\u00e9kes\u00edt\u00e9s\u00e9re, illetve a weboldal b\u00e1rmilyen m\u00e1s m\u00f3don t\u00f6rt\u00e9n\u0151 kereskedelmi c\u00e9l\u00fa vagy a Tulajdonos \u00e9rdekeivel ellent\u00e9tes felhaszn\u00e1l\u00e1s\u00e1ra a Tulajdonos el\u0151zetes \u00edr\u00e1sbeli enged\u00e9lye n\u00e9lk\u00fcl.<\/p>\n<p>\u00a0<\/p>\n<p>A l\u00e1togat\u00f3k sz\u00e1m\u00e1ra el\u00e9rhet\u0151 \u0171rlapok kit\u00f6lt\u00e9s\u00e9vel az \u00e9rdekl\u0151d\u0151k k\u00e9rd\u00e9seket tehetnek fel, tov\u00e1bbi inform\u00e1ci\u00f3kat k\u00e9rhetnek a Tulajdonos \u00e1ltal k\u00edn\u00e1lt szolg\u00e1ltat\u00e1sokr\u00f3l, valamint javaslatokat vagy panaszokat fogalmazhatnak meg.<\/p>\n<p>A felhaszn\u00e1l\u00f3k hozz\u00e1f\u00e9r\u00e9se a h\u00edrlev\u00e9l szolg\u00e1ltat\u00e1shoz vagy a weboldal egyes funkci\u00f3ihoz a felhaszn\u00e1l\u00f3 regisztr\u00e1ci\u00f3j\u00e1t ig\u00e9nyli e-mail c\u00edm \/ n\u00e9v \/ vezet\u00e9kn\u00e9v megad\u00e1s\u00e1val. A Tulajdonos soha nem fogja k\u00e9rni az \u00d6n fi\u00f3kj\u00e1nak jelszav\u00e1t \u00fczenetben, e-mailben vagy telefonon.<\/p>\n<p>A Tulajdonos semmilyen esetben nem v\u00e1llal jogi felel\u0151ss\u00e9get a weboldalon bemutatott inform\u00e1ci\u00f3k esetleges pontatlans\u00e1g\u00e1\u00e9rt vagy hib\u00e1s le\u00edr\u00e1s\u00e1\u00e9rt. A Tulajdonos \u00e1ltal ny\u00fajtott szolg\u00e1ltat\u00e1sokkal kapcsolatos r\u00e9szletes \u00e9s teljes inform\u00e1ci\u00f3k\u00e9rt k\u00e9rj\u00fck, forduljon a k\u00e9pvisel\u0151ikhez telefonon vagy \u00edr\u00e1sban, a weboldalon megadott el\u00e9rhet\u0151s\u00e9gek seg\u00edts\u00e9g\u00e9vel.<\/p>\n<p>Ugyanakkor a Tulajdonos semmilyen m\u00e9rt\u00e9kben nem felel\u0151s harmadik felek \u00e1ltal szolg\u00e1ltatott tartalom\u00e9rt, a hirdet\u00e9si fel\u00fcletek tartalm\u00e1\u00e9rt, a rekl\u00e1m\u00fczenetek\u00e9rt vagy azoknak a k\u00fcls\u0151 oldalaknak a tartalm\u00e1\u00e9rt, amelyekre a weboldalr\u00f3l hivatkoz\u00e1s mutat.<\/p>\n<p>A weboldalakon tal\u00e1lhat\u00f3 anyagok egyike sem min\u0151s\u00fcl k\u00f6telez\u0151 \u00e9rv\u00e9ny\u0171 szerz\u0151d\u00e9sk\u00f6t\u00e9si aj\u00e1nlatnak, \u00e9s semmik\u00e9ppen sem tekinthet\u0151 b\u00e1rmilyen eg\u00e9szs\u00e9g\u00fcgyi szolg\u00e1ltat\u00e1s ad\u00e1sv\u00e9tel\u00e9re vonatkoz\u00f3 aj\u00e1nlatnak.<\/p>\n<p>Tilos a weboldalon bemutatott tartalmak b\u00e1rmilyen form\u00e1ban t\u00f6rt\u00e9n\u0151 reproduk\u00e1l\u00e1sa, terjeszt\u00e9se vagy k\u00f6zz\u00e9t\u00e9tele b\u00e1rmely szem\u00e9ly \u00e1ltal, a forr\u00e1s megjel\u00f6l\u00e9se \u00e9s az arra mutat\u00f3 k\u00f6zvetlen link felt\u00fcntet\u00e9se n\u00e9lk\u00fcl.<\/p>\n<p>A Tulajdonos fenntartja a jogot, hogy b\u00e1rmikor felf\u00fcggessze, m\u00f3dos\u00edtsa, hozz\u00e1adja vagy t\u00f6r\u00f6lje a weboldal tartalm\u00e1nak egyes r\u00e9szeit. Ugyanakkor fenntartja a jogot arra is, hogy korl\u00e1tozza a felhaszn\u00e1l\u00f3k hozz\u00e1f\u00e9r\u00e9s\u00e9t a weboldal tartalm\u00e1nak egy r\u00e9sz\u00e9hez vagy eg\u00e9sz\u00e9hez.<\/p>\n<p>A felhaszn\u00e1l\u00f3k a weboldal tartalm\u00e1t kiz\u00e1r\u00f3lag szem\u00e9lyes haszn\u00e1latra vehetik ig\u00e9nybe, \u00e9s az al\u00e1bbi tev\u00e9kenys\u00e9gek egyike sem enged\u00e9lyezett a Tulajdonos el\u0151zetes \u00edr\u00e1sbeli hozz\u00e1j\u00e1rul\u00e1sa n\u00e9lk\u00fcl:<\/p>\n<ul>\n<li>A Tulajdonos szerz\u0151i jog\u00e1t jel\u00f6l\u0151 tartalom vagy jel\u00f6l\u00e9sek elt\u00e1vol\u00edt\u00e1sa vagy m\u00f3dos\u00edt\u00e1sa<\/li>\n<li>A tartalom reproduk\u00e1l\u00e1sa vagy t\u00e1rol\u00e1sa, illetve annak tov\u00e1bb\u00edt\u00e1sa m\u00e1s weboldalra, szerverre vagy m\u00e1s inform\u00e1ci\u00f3t\u00e1rol\u00f3 eszk\u00f6zre kereskedelmi c\u00e9lb\u00f3l<\/li>\n<li>B\u00e1rmely olyan cselekm\u00e9ny vagy k\u00eds\u00e9rlet, amely megs\u00e9rti a fenti rendelkez\u00e9seket, feljogos\u00edtja a Tulajdonost arra, hogy az illet\u00e9kes b\u00edr\u00f3s\u00e1gokhoz forduljon az ilyen cselekm\u00e9nyek szankcion\u00e1l\u00e1sa \u00e9rdek\u00e9ben.<\/li>\n<\/ul>\n<p>A weboldalakon k\u00f6zz\u00e9tett tartalom bizonyos r\u00e9szeit olyan harmadik felek biztos\u00edthatj\u00e1k, amelyekkel a weboldal szerz\u0151d\u00e9ses kapcsolatban \u00e1ll. A weboldalon rekl\u00e1mfel\u00fcletek is megjelenhetnek, amelyek harmadik felek rekl\u00e1m\u00fczeneteit tartalmazz\u00e1k. A weboldal semmilyen m\u00e9rt\u00e9kben nem felel\u0151s a harmadik felek \u00e1ltal szolg\u00e1ltatott tartalom\u00e9rt, legyen az rekl\u00e1m vagy m\u00e1s jelleg\u0171. A weboldal tov\u00e1bb\u00e1 nem felel\u0151s azoknak a k\u00fcls\u0151 oldalaknak a tartalm\u00e1\u00e9rt sem, amelyekre hivatkoz\u00e1s t\u00f6rt\u00e9nik.<\/p>\n<p>Cookies<\/p>\n<p>A www.bestoptic.ro\n weboldal cookie-kat haszn\u00e1l, amelyek a felhaszn\u00e1l\u00f3 eszk\u00f6z\u00e9n t\u00e1rolt adatok, \u00e9s inform\u00e1ci\u00f3kat tartalmaznak r\u00f3la. A cookie-mechanizmus haszn\u00e1lata el\u0151ny\u00f6s a l\u00e1togat\u00f3k sz\u00e1m\u00e1ra, mivel lehet\u0151v\u00e9 teszi bizonyos navig\u00e1ci\u00f3s be\u00e1ll\u00edt\u00e1sok megjegyz\u00e9s\u00e9t, p\u00e9ld\u00e1ul a sz\u0171r\u0151k t\u00edpus\u00e1t, a felhaszn\u00e1l\u00f3n\u00e9v \u00e9s jelsz\u00f3 ment\u00e9s\u00e9t a gyorsabb hozz\u00e1f\u00e9r\u00e9s \u00e9rdek\u00e9ben stb.<\/p>\n<p>Egy cookie elutas\u00edt\u00e1sa nem jelenti azt, hogy a felhaszn\u00e1l\u00f3 nem f\u00e9r hozz\u00e1 a weboldalhoz vagy annak tartalm\u00e1hoz. A cookie-k seg\u00edts\u00e9g\u00e9vel a weboldalak tulajdonosai figyelemmel k\u00eds\u00e9rhetik \u00e9s elemezhetik a felhaszn\u00e1l\u00f3k \u00e9rdekl\u0151d\u00e9s\u00e9t a weboldal k\u00fcl\u00f6nb\u00f6z\u0151 r\u00e9szei ir\u00e1nt, ami lehet\u0151v\u00e9 teszi a navig\u00e1ci\u00f3s \u00e9lm\u00e9ny jav\u00edt\u00e1s\u00e1t \u00e9s a relev\u00e1ns tartalom biztos\u00edt\u00e1s\u00e1t.<\/p>\n<p>A haszn\u00e1lt cookie-kkal kapcsolatos tov\u00e1bbi r\u00e9szletek\u00e9rt k\u00e9rj\u00fck, tekintse meg a \u201eCookie szab\u00e1lyzatot\u201d.<\/p>\n<p>A \u201eFelhaszn\u00e1l\u00e1si felt\u00e9telek\u201d elfogad\u00e1s\u00e1val a felhaszn\u00e1l\u00f3k teljes m\u00e9rt\u00e9kben v\u00e1llalj\u00e1k az esetleges kock\u00e1zatokat.<\/p>\n<p>A szem\u00e9lyes adatok bizalmass\u00e1ga \u00e9s biztons\u00e1ga<\/p>\n<p>Tulajdonosk\u00e9nt, k\u00f6zvetlen\u00fcl vagy megb\u00edzottain kereszt\u00fcl, a B.G. VISION S.R.L. (\u201eBEST OPTIC\u201d) szem\u00e9lyes adatokat dolgoz fel a szem\u00e9lyes adatok v\u00e9delm\u00e9re vonatkoz\u00f3 alkalmazand\u00f3 jogszab\u00e1lyok \u00e9s alapelvek szerint.<\/p>\n<p>Tov\u00e1bbi inform\u00e1ci\u00f3k\u00e9rt fordulhat a BEST OPTIC kabinetek szem\u00e9lyzet\u00e9hez vagy kapcsolatba l\u00e9phet vel\u00fcnk a dpo@bestoptic.ro\n e-mail c\u00edmen. Emellett megtekintheti az \u201eAdatv\u00e9delmi szab\u00e1lyzatot\u201d a www.bestoptic.ro\n oldalon.<\/p>\n<p>Javaslatok \u00e9s panaszok<\/p>\n<p>A weboldal haszn\u00e1lat\u00e1val kapcsolatos panaszokat, bejelent\u00e9seket vagy javaslatokat csak \u00edr\u00e1sos form\u00e1ban, elektronikus \u00faton fogadjuk el, a kapcsolatfelv\u00e9teli oldalon el\u00e9rhet\u0151 \u0171rlap kit\u00f6lt\u00e9s\u00e9vel. A v\u00e1laszad\u00e1s a t\u00f6rv\u00e9nyben el\u0151\u00edrt hat\u00e1rid\u0151n bel\u00fcl t\u00f6rt\u00e9nik.<\/p>\t\t\t\t\t\t\t\t<\/div>\n\t\t\t\t<\/div>\n\t\t\t\t\t<\/div>\n\t\t\t\t<\/div>\n\t\t\t\t<\/div>","protected":false},"excerpt":{"rendered":"<p>Con\u0163inutul website-ului\u00a0www.bestoptic.ro\u00a0(denumit \u00een continuare Site) este proprietatea exclusiv\u0103 a persoanei juridice B.G. VISION S.R.L (denumit\u0103 \u00een continuare Titularul sau BEST OPTIC) cu sediul \u00een Mun. Bra\u0219ov, str. Barbu \u0218tef\u0103nescu Delavrancea nr. 10, cam. 3, Jud.\u00a0Bra\u0219ov, \u00eenregistrat\u0103 la Oficiul Registrului Comer\u0163ului sub nr. J2012000927085, av\u00e2nd cod fiscal RO 30338144. \u00centregul con\u021binut al site-ului\u00a0www.bestoptic.ro (imagini, texte, grafice, [&hellip;]<\/p>\n","protected":false},"author":3,"featured_media":0,"parent":0,"menu_order":0,"comment_status":"closed","ping_status":"open","template":"","meta":{"footnotes":""},"class_list":["post-3","page","type-page","status-publish","hentry"],"_links":{"self":[{"href":"https:\/\/bestoptic.ro\/hu\/wp-json\/wp\/v2\/pages\/3","targetHints":{"allow":["GET"]}}],"collection":[{"href":"https:\/\/bestoptic.ro\/hu\/wp-json\/wp\/v2\/pages"}],"about":[{"href":"https:\/\/bestoptic.ro\/hu\/wp-json\/wp\/v2\/types\/page"}],"author":[{"embeddable":true,"href":"https:\/\/bestoptic.ro\/hu\/wp-json\/wp\/v2\/users\/3"}],"replies":[{"embeddable":true,"href":"https:\/\/bestoptic.ro\/hu\/wp-json\/wp\/v2\/comments?post=3"}],"version-history":[{"count":19,"href":"https:\/\/bestoptic.ro\/hu\/wp-json\/wp\/v2\/pages\/3\/revisions"}],"predecessor-version":[{"id":11952,"href":"https:\/\/bestoptic.ro\/hu\/wp-json\/wp\/v2\/pages\/3\/revisions\/11952"}],"wp:attachment":[{"href":"https:\/\/bestoptic.ro\/hu\/wp-json\/wp\/v2\/media?parent=3"}],"curies":[{"name":"wp","href":"https:\/\/api.w.org\/{rel}","templated":true}]}}