{"id":2304,"date":"2025-09-06T08:06:17","date_gmt":"2025-09-06T08:06:17","guid":{"rendered":"https:\/\/demo2wpopal.b-cdn.net\/eyecazi\/?page_id=2304"},"modified":"2025-12-22T11:32:54","modified_gmt":"2025-12-22T09:32:54","slug":"servicii","status":"publish","type":"page","link":"https:\/\/bestoptic.ro\/hu\/servicii\/","title":{"rendered":"Szolg\u00e1ltat\u00e1sok"},"content":{"rendered":"<div data-elementor-type=\"wp-page\" data-elementor-id=\"2304\" class=\"elementor elementor-2304\" data-elementor-post-type=\"page\">\n\t\t\t\t<div class=\"elementor-element elementor-element-911b170 e-flex e-con-boxed e-con e-parent\" data-id=\"911b170\" data-element_type=\"container\" data-e-type=\"container\">\n\t\t\t\t\t<div class=\"e-con-inner\">\n\t\t<div class=\"elementor-element elementor-element-4ed3ae4 e-con-full e-flex e-con e-child\" data-id=\"4ed3ae4\" data-element_type=\"container\" data-e-type=\"container\">\n\t\t\t\t<div class=\"elementor-element elementor-element-b331480 elementor-icon-list--layout-traditional elementor-list-item-link-full_width elementor-widget elementor-widget-icon-list\" data-id=\"b331480\" data-element_type=\"widget\" data-e-type=\"widget\" data-widget_type=\"icon-list.default\">\n\t\t\t\t<div class=\"elementor-widget-container\">\n\t\t\t\t\t\t\t<ul class=\"elementor-icon-list-items\">\n\t\t\t\t\t\t\t<li class=\"elementor-icon-list-item\">\n\t\t\t\t\t\t\t\t\t\t\t<span class=\"elementor-icon-list-icon\">\n\t\t\t\t\t\t\t<i aria-hidden=\"true\" class=\"eyecazi-icon- eyecazi-icon-icon-cross\"><\/i>\t\t\t\t\t\t<\/span>\n\t\t\t\t\t\t\t\t\t\t<span class=\"elementor-icon-list-text\">A szemeid\u00e9rt, az elej\u00e9t\u0151l a v\u00e9g\u00e9ig<\/span>\n\t\t\t\t\t\t\t\t\t<\/li>\n\t\t\t\t\t\t<\/ul>\n\t\t\t\t\t\t<\/div>\n\t\t\t\t<\/div>\n\t\t\t\t<div class=\"elementor-element elementor-element-68b0672 elementor-widget__width-initial elementor-widget-mobile_extra__width-inherit elementor-widget elementor-widget-heading\" data-id=\"68b0672\" data-element_type=\"widget\" data-e-type=\"widget\" data-widget_type=\"heading.default\">\n\t\t\t\t<div class=\"elementor-widget-container\">\n\t\t\t\t\t<h2 class=\"elementor-heading-title elementor-size-default\">Speci\u00e1lis szolg\u00e1ltat\u00e1sok a l\u00e1t\u00e1sod\u00e9rt<\/h2>\t\t\t\t<\/div>\n\t\t\t\t<\/div>\n\t\t\t\t<\/div>\n\t\t\t\t<div class=\"elementor-element elementor-element-9ccfb90 elementor-widget__width-initial elementor-widget-mobile_extra__width-inherit elementor-widget elementor-widget-text-editor\" data-id=\"9ccfb90\" data-element_type=\"widget\" data-e-type=\"widget\" data-widget_type=\"text-editor.default\">\n\t\t\t\t<div class=\"elementor-widget-container\">\n\t\t\t\t\t\t\t\t\t<p><span style=\"font-weight: 400;\">Rendelkez\u00e9sedre \u00e1ll szemvizsg\u00e1lat, k\u00fcl\u00f6nf\u00e9le tesztek, kontaktlencs\u00e9k \u00e9s szem\u00fcvegk\u00e9sz\u00edt\u00e9s is \u2013 att\u00f3l f\u00fcgg\u0151en, hogyan haszn\u00e1lod a szemeidet a mindennapokban. V\u00e1laszd ki a sz\u00e1modra potrivit szolg\u00e1ltat\u00e1st, \u0219i tal\u00e1lkozzunk egy szemvizsg\u00e1laton.<\/span><\/p>\t\t\t\t\t\t\t\t<\/div>\n\t\t\t\t<\/div>\n\t\t\t\t<div class=\"elementor-element elementor-element-5c12a31 elementor-service-style-3 elementor-widget__width-inherit elementor-widget elementor-widget-eyecazi-services\" data-id=\"5c12a31\" data-element_type=\"widget\" data-e-type=\"widget\" data-widget_type=\"eyecazi-services.default\">\n\t\t\t\t<div class=\"elementor-widget-container\">\n\t\t\t\t\t        <div class=\"elementor-service-wrapper\">\n            <div class=\"d-grid\">\n                                    <div class=\"grid-item service-item service-style-3\">\n                        <div class=\"service-inner\">\n    <div class=\"service-post-thumbnail\">\n                    <div class=\"service-post-thumbnail-inner\">\n                <img fetchpriority=\"high\" decoding=\"async\" width=\"900\" height=\"600\" src=\"https:\/\/bestoptic.ro\/wp-content\/uploads\/2025\/08\/DSC09895-Edit-1-1024x683.jpg\" class=\"attachment-large size-large wp-post-image\" alt=\"\" srcset=\"https:\/\/bestoptic.ro\/wp-content\/uploads\/2025\/08\/DSC09895-Edit-1-1024x683.jpg 1024w, https:\/\/bestoptic.ro\/wp-content\/uploads\/2025\/08\/DSC09895-Edit-1-300x200.jpg 300w, https:\/\/bestoptic.ro\/wp-content\/uploads\/2025\/08\/DSC09895-Edit-1-768x512.jpg 768w, https:\/\/bestoptic.ro\/wp-content\/uploads\/2025\/08\/DSC09895-Edit-1-1536x1024.jpg 1536w, https:\/\/bestoptic.ro\/wp-content\/uploads\/2025\/08\/DSC09895-Edit-1-2048x1365.jpg 2048w, https:\/\/bestoptic.ro\/wp-content\/uploads\/2025\/08\/DSC09895-Edit-1-800x533.jpg 800w, https:\/\/bestoptic.ro\/wp-content\/uploads\/2025\/08\/DSC09895-Edit-1-1000x667.jpg 1000w\" sizes=\"(max-width: 900px) 100vw, 900px\" \/>            <\/div>\n            <\/div><!-- .post-thumbnail -->\n    <div class=\"service-content\">\n        <div class=\"service-content-inner\">\n            <div class=\"icon-wrap\"><img decoding=\"async\" class=\"service-icon\" src=\"https:\/\/demo2wpopal.b-cdn.net\/eyecazi\/wp-content\/uploads\/2025\/09\/ser_1.svg\" alt=\"service icon\"><\/div>            <h6 class=\"service-title\"><a href=\"https:\/\/bestoptic.ro\/hu\/services\/consult\/\">Best Optic szemvizsg\u00e1lat<\/a><\/h6>\n            <div class=\"service-info\">\n                <div class=\"service-description\">\n                    <p>R\u00e9szletes szemvizsg\u00e1lat, amelyet a Best Optic optometrist\u00e1i v\u00e9geznek. Megtudhatod, milyen \u00e1llapotban van a l\u00e1t\u00e1sod, \u00e9s milyen l\u00e9p\u00e9sek sz\u00fcks\u00e9gesek a tov\u00e1bbiakban.<\/p>\n                <\/div>\n                <a class=\"effect-button-link\" href=\"https:\/\/bestoptic.ro\/hu\/services\/consult\/\">\n                <span class=\"content-wrapper\">\n                    <span class=\"button-text\">Learn More<\/span>\n                    <span class=\"button-icon\"><i class=\"eyecazi-icon-arrow-right\"><\/i><\/span>\n                <\/span>\n                    <span class=\"content-wrapper-hover\">\n                    <span class=\"button-text\">Learn More<\/span>\n                    <span class=\"button-icon\"><i class=\"eyecazi-icon-arrow-right\"><\/i><\/span>\n                <\/span>\n                <\/a>\n            <\/div>\n        <\/div>\n    <\/div>\n<\/div>\n                    <\/div>\n                                        <div class=\"grid-item service-item service-style-3\">\n                        <div class=\"service-inner\">\n    <div class=\"service-post-thumbnail\">\n                    <div class=\"service-post-thumbnail-inner\">\n                <img decoding=\"async\" width=\"900\" height=\"446\" src=\"https:\/\/bestoptic.ro\/wp-content\/uploads\/2025\/08\/DSC00307-3-scaled-e1766155923747-1024x508.jpg\" class=\"attachment-large size-large wp-post-image\" alt=\"\" srcset=\"https:\/\/bestoptic.ro\/wp-content\/uploads\/2025\/08\/DSC00307-3-scaled-e1766155923747-1024x508.jpg 1024w, https:\/\/bestoptic.ro\/wp-content\/uploads\/2025\/08\/DSC00307-3-scaled-e1766155923747-300x149.jpg 300w, https:\/\/bestoptic.ro\/wp-content\/uploads\/2025\/08\/DSC00307-3-scaled-e1766155923747-768x381.jpg 768w, https:\/\/bestoptic.ro\/wp-content\/uploads\/2025\/08\/DSC00307-3-scaled-e1766155923747-1536x762.jpg 1536w, https:\/\/bestoptic.ro\/wp-content\/uploads\/2025\/08\/DSC00307-3-scaled-e1766155923747-2048x1016.jpg 2048w, https:\/\/bestoptic.ro\/wp-content\/uploads\/2025\/08\/DSC00307-3-scaled-e1766155923747-800x397.jpg 800w, https:\/\/bestoptic.ro\/wp-content\/uploads\/2025\/08\/DSC00307-3-scaled-e1766155923747-1000x496.jpg 1000w\" sizes=\"(max-width: 900px) 100vw, 900px\" \/>            <\/div>\n            <\/div><!-- .post-thumbnail -->\n    <div class=\"service-content\">\n        <div class=\"service-content-inner\">\n            <div class=\"icon-wrap\"><img decoding=\"async\" class=\"service-icon\" src=\"https:\/\/demo2wpopal.b-cdn.net\/eyecazi\/wp-content\/uploads\/2025\/09\/ser_2.svg\" alt=\"service icon\"><\/div>            <h6 class=\"service-title\"><a href=\"https:\/\/bestoptic.ro\/hu\/services\/teste-speciale\/\">Speci\u00e1lis vizsg\u00e1latok<\/a><\/h6>\n            <div class=\"service-info\">\n                <div class=\"service-description\">\n                    <p>Ig\u00e9ny szerint el\u00e9rhet\u0151 kieg\u00e9sz\u00edt\u0151 vizsg\u00e1latok, amelyek m\u00e9g t\u00f6bb inform\u00e1ci\u00f3t adnak a szemed eg\u00e9szs\u00e9g\u00e9r\u0151l.<\/p>\n                <\/div>\n                <a class=\"effect-button-link\" href=\"https:\/\/bestoptic.ro\/hu\/services\/teste-speciale\/\">\n                <span class=\"content-wrapper\">\n                    <span class=\"button-text\">Learn More<\/span>\n                    <span class=\"button-icon\"><i class=\"eyecazi-icon-arrow-right\"><\/i><\/span>\n                <\/span>\n                    <span class=\"content-wrapper-hover\">\n                    <span class=\"button-text\">Learn More<\/span>\n                    <span class=\"button-icon\"><i class=\"eyecazi-icon-arrow-right\"><\/i><\/span>\n                <\/span>\n                <\/a>\n            <\/div>\n        <\/div>\n    <\/div>\n<\/div>\n                    <\/div>\n                                        <div class=\"grid-item service-item service-style-3\">\n                        <div class=\"service-inner\">\n    <div class=\"service-post-thumbnail\">\n                    <div class=\"service-post-thumbnail-inner\">\n                <img decoding=\"async\" width=\"900\" height=\"595\" src=\"https:\/\/bestoptic.ro\/wp-content\/uploads\/2025\/08\/DSC00329-Edit-3-1024x677.jpg\" class=\"attachment-large size-large wp-post-image\" alt=\"\" srcset=\"https:\/\/bestoptic.ro\/wp-content\/uploads\/2025\/08\/DSC00329-Edit-3-1024x677.jpg 1024w, https:\/\/bestoptic.ro\/wp-content\/uploads\/2025\/08\/DSC00329-Edit-3-300x198.jpg 300w, https:\/\/bestoptic.ro\/wp-content\/uploads\/2025\/08\/DSC00329-Edit-3-768x508.jpg 768w, https:\/\/bestoptic.ro\/wp-content\/uploads\/2025\/08\/DSC00329-Edit-3-1536x1016.jpg 1536w, https:\/\/bestoptic.ro\/wp-content\/uploads\/2025\/08\/DSC00329-Edit-3-2048x1354.jpg 2048w, https:\/\/bestoptic.ro\/wp-content\/uploads\/2025\/08\/DSC00329-Edit-3-800x529.jpg 800w, https:\/\/bestoptic.ro\/wp-content\/uploads\/2025\/08\/DSC00329-Edit-3-1000x661.jpg 1000w\" sizes=\"(max-width: 900px) 100vw, 900px\" \/>            <\/div>\n            <\/div><!-- .post-thumbnail -->\n    <div class=\"service-content\">\n        <div class=\"service-content-inner\">\n            <div class=\"icon-wrap\"><img decoding=\"async\" class=\"service-icon\" src=\"https:\/\/demo2wpopal.b-cdn.net\/eyecazi\/wp-content\/uploads\/2025\/09\/ser_3.svg\" alt=\"service icon\"><\/div>            <h6 class=\"service-title\"><a href=\"https:\/\/bestoptic.ro\/hu\/services\/lentile\/\">Kontaktlencs\u00e9k<\/a><\/h6>\n            <div class=\"service-info\">\n                <div class=\"service-description\">\n                    <p>Szem\u00e9lyre szabott aj\u00e1nl\u00e1s \u00e9s illeszt\u00e9s, amely t\u00f6k\u00e9letesen alkalmazkodik a szemedhez, dioptri\u00e1t\u00f3l f\u00fcggetlen\u00fcl.<\/p>\n                <\/div>\n                <a class=\"effect-button-link\" href=\"https:\/\/bestoptic.ro\/hu\/services\/lentile\/\">\n                <span class=\"content-wrapper\">\n                    <span class=\"button-text\">Learn More<\/span>\n                    <span class=\"button-icon\"><i class=\"eyecazi-icon-arrow-right\"><\/i><\/span>\n                <\/span>\n                    <span class=\"content-wrapper-hover\">\n                    <span class=\"button-text\">Learn More<\/span>\n                    <span class=\"button-icon\"><i class=\"eyecazi-icon-arrow-right\"><\/i><\/span>\n                <\/span>\n                <\/a>\n            <\/div>\n        <\/div>\n    <\/div>\n<\/div>\n                    <\/div>\n                                        <div class=\"grid-item service-item service-style-3\">\n                        <div class=\"service-inner\">\n    <div class=\"service-post-thumbnail\">\n                    <div class=\"service-post-thumbnail-inner\">\n                <img loading=\"lazy\" decoding=\"async\" width=\"900\" height=\"600\" src=\"https:\/\/bestoptic.ro\/wp-content\/uploads\/2025\/12\/DSC00161-Edit-1024x683.jpg\" class=\"attachment-large size-large wp-post-image\" alt=\"\" srcset=\"https:\/\/bestoptic.ro\/wp-content\/uploads\/2025\/12\/DSC00161-Edit-1024x683.jpg 1024w, https:\/\/bestoptic.ro\/wp-content\/uploads\/2025\/12\/DSC00161-Edit-300x200.jpg 300w, https:\/\/bestoptic.ro\/wp-content\/uploads\/2025\/12\/DSC00161-Edit-768x512.jpg 768w, https:\/\/bestoptic.ro\/wp-content\/uploads\/2025\/12\/DSC00161-Edit-1536x1024.jpg 1536w, https:\/\/bestoptic.ro\/wp-content\/uploads\/2025\/12\/DSC00161-Edit-2048x1365.jpg 2048w, https:\/\/bestoptic.ro\/wp-content\/uploads\/2025\/12\/DSC00161-Edit-800x533.jpg 800w, https:\/\/bestoptic.ro\/wp-content\/uploads\/2025\/12\/DSC00161-Edit-1000x667.jpg 1000w\" sizes=\"(max-width: 900px) 100vw, 900px\" \/>            <\/div>\n            <\/div><!-- .post-thumbnail -->\n    <div class=\"service-content\">\n        <div class=\"service-content-inner\">\n            <div class=\"icon-wrap\"><img decoding=\"async\" class=\"service-icon\" src=\"https:\/\/demo2wpopal.b-cdn.net\/eyecazi\/wp-content\/uploads\/2025\/09\/ser_4.svg\" alt=\"service icon\"><\/div>            <h6 class=\"service-title\"><a href=\"https:\/\/bestoptic.ro\/hu\/services\/montaj-ochelari\/\">Szem\u00fcvegk\u00e9sz\u00edt\u00e9s<\/a><\/h6>\n            <div class=\"service-info\">\n                <div class=\"service-description\">\n                    <p>3D technol\u00f3gi\u00e1val v\u00e9gzett szem\u00fcvegk\u00e9sz\u00edt\u00e9s \u2013 a legpontosabb m\u00f3dja annak, hogy a lencs\u00e9ket t\u00f6k\u00e9letesen a kerethez \u00e9s a szemedhez igaz\u00edtsuk, \u00edgy a szem\u00fcveget k\u00e9nyelmesen viselheted.<\/p>\n                <\/div>\n                <a class=\"effect-button-link\" href=\"https:\/\/bestoptic.ro\/hu\/services\/montaj-ochelari\/\">\n                <span class=\"content-wrapper\">\n                    <span class=\"button-text\">Learn More<\/span>\n                    <span class=\"button-icon\"><i class=\"eyecazi-icon-arrow-right\"><\/i><\/span>\n                <\/span>\n                    <span class=\"content-wrapper-hover\">\n                    <span class=\"button-text\">Learn More<\/span>\n                    <span class=\"button-icon\"><i class=\"eyecazi-icon-arrow-right\"><\/i><\/span>\n                <\/span>\n                <\/a>\n            <\/div>\n        <\/div>\n    <\/div>\n<\/div>\n                    <\/div>\n                                <\/div>\n\n        <\/div>\n                \t\t\t\t<\/div>\n\t\t\t\t<\/div>\n\t\t\t\t\t<\/div>\n\t\t\t\t<\/div>\n\t\t\t\t<\/div>","protected":false},"excerpt":{"rendered":"<p>Pentru ochii t\u0103i, cap-coad\u0103 Servicii specializate pentru vederea ta Ai la dispozi\u021bie consult, teste, lentile de contact \u0219i montaj de ochelari, \u00een func\u021bie de cum \u00ee\u021bi folose\u0219ti ochii zi de zi. Alege serviciul potrivit pentru tine \u0219i hai s\u0103 ne vedem la ochi. Consult Best Optic Consulta\u021bia \u00een care afli cum st\u0103 vederea ta \u0219i [&hellip;]<\/p>\n","protected":false},"author":3,"featured_media":0,"parent":0,"menu_order":0,"comment_status":"closed","ping_status":"closed","template":"","meta":{"footnotes":""},"class_list":["post-2304","page","type-page","status-publish","hentry"],"_links":{"self":[{"href":"https:\/\/bestoptic.ro\/hu\/wp-json\/wp\/v2\/pages\/2304","targetHints":{"allow":["GET"]}}],"collection":[{"href":"https:\/\/bestoptic.ro\/hu\/wp-json\/wp\/v2\/pages"}],"about":[{"href":"https:\/\/bestoptic.ro\/hu\/wp-json\/wp\/v2\/types\/page"}],"author":[{"embeddable":true,"href":"https:\/\/bestoptic.ro\/hu\/wp-json\/wp\/v2\/users\/3"}],"replies":[{"embeddable":true,"href":"https:\/\/bestoptic.ro\/hu\/wp-json\/wp\/v2\/comments?post=2304"}],"version-history":[{"count":22,"href":"https:\/\/bestoptic.ro\/hu\/wp-json\/wp\/v2\/pages\/2304\/revisions"}],"predecessor-version":[{"id":11502,"href":"https:\/\/bestoptic.ro\/hu\/wp-json\/wp\/v2\/pages\/2304\/revisions\/11502"}],"wp:attachment":[{"href":"https:\/\/bestoptic.ro\/hu\/wp-json\/wp\/v2\/media?parent=2304"}],"curies":[{"name":"wp","href":"https:\/\/api.w.org\/{rel}","templated":true}]}}