{"id":173,"date":"2025-08-28T09:37:14","date_gmt":"2025-08-28T09:37:14","guid":{"rendered":"https:\/\/demo2wpopal.b-cdn.net\/eyecazi\/?page_id=173"},"modified":"2025-12-04T15:07:57","modified_gmt":"2025-12-04T13:07:57","slug":"program","status":"publish","type":"page","link":"https:\/\/bestoptic.ro\/hu\/program\/","title":{"rendered":"Id\u0151pontfoglal\u00e1s"},"content":{"rendered":"<div data-elementor-type=\"wp-page\" data-elementor-id=\"173\" class=\"elementor elementor-173\" data-elementor-post-type=\"page\">\n\t\t\t\t<div class=\"elementor-element elementor-element-e9676f4 e-flex e-con-boxed e-con e-parent\" data-id=\"e9676f4\" data-element_type=\"container\" data-e-type=\"container\">\n\t\t\t\t\t<div class=\"e-con-inner\">\n\t\t<div class=\"elementor-element elementor-element-7007368 e-con-full e-flex e-con e-child\" data-id=\"7007368\" data-element_type=\"container\" data-e-type=\"container\">\n\t\t\t\t<div class=\"elementor-element elementor-element-0271893 animated-fast elementor-icon-list--layout-traditional elementor-list-item-link-full_width elementor-invisible elementor-widget elementor-widget-icon-list\" data-id=\"0271893\" data-element_type=\"widget\" data-e-type=\"widget\" data-settings=\"{&quot;_animation&quot;:&quot;opal-move-up&quot;}\" data-widget_type=\"icon-list.default\">\n\t\t\t\t<div class=\"elementor-widget-container\">\n\t\t\t\t\t\t\t<ul class=\"elementor-icon-list-items\">\n\t\t\t\t\t\t\t<li class=\"elementor-icon-list-item\">\n\t\t\t\t\t\t\t\t\t\t\t<span class=\"elementor-icon-list-icon\">\n\t\t\t\t\t\t\t<i aria-hidden=\"true\" class=\"eyecazi-icon- eyecazi-icon-icon-cross\"><\/i>\t\t\t\t\t\t<\/span>\n\t\t\t\t\t\t\t\t\t\t<span class=\"elementor-icon-list-text\">Id\u0151pontfoglal\u00e1s<\/span>\n\t\t\t\t\t\t\t\t\t<\/li>\n\t\t\t\t\t\t<\/ul>\n\t\t\t\t\t\t<\/div>\n\t\t\t\t<\/div>\n\t\t\t\t<div class=\"elementor-element elementor-element-9c11c7d animated-fast elementor-invisible elementor-widget elementor-widget-heading\" data-id=\"9c11c7d\" data-element_type=\"widget\" data-e-type=\"widget\" data-settings=\"{&quot;_animation&quot;:&quot;opal-move-up&quot;}\" data-widget_type=\"heading.default\">\n\t\t\t\t<div class=\"elementor-widget-container\">\n\t\t\t\t\t<h2 class=\"elementor-heading-title elementor-size-default\">Mikor tal\u00e1lkozunk egy szemvizsg\u00e1laton?<\/h2>\t\t\t\t<\/div>\n\t\t\t\t<\/div>\n\t\t\t\t<div class=\"elementor-element elementor-element-31f5cce elementor-align-left animated-fast elementor-invisible elementor-widget elementor-widget-eyecazi-contactform\" data-id=\"31f5cce\" data-element_type=\"widget\" data-e-type=\"widget\" data-settings=\"{&quot;_animation&quot;:&quot;opal-move-up&quot;}\" data-widget_type=\"eyecazi-contactform.default\">\n\t\t\t\t<div class=\"elementor-widget-container\">\n\t\t\t\t\t\n<div class=\"wpcf7 no-js\" id=\"wpcf7-f155-o1\" lang=\"en-US\" dir=\"ltr\" data-wpcf7-id=\"155\">\n<div class=\"screen-reader-response\"><p role=\"status\" aria-live=\"polite\" aria-atomic=\"true\"><\/p> <ul><\/ul><\/div>\n<form action=\"\/hu\/wp-json\/wp\/v2\/pages\/173#wpcf7-f155-o1\" method=\"post\" class=\"wpcf7-form init\" aria-label=\"Contact form\" novalidate=\"novalidate\" data-status=\"init\" data-trp-original-action=\"\/hu\/wp-json\/wp\/v2\/pages\/173#wpcf7-f155-o1\">\n<fieldset class=\"hidden-fields-container\"><input type=\"hidden\" name=\"_wpcf7\" value=\"155\" \/><input type=\"hidden\" name=\"_wpcf7_version\" value=\"6.1.5\" \/><input type=\"hidden\" name=\"_wpcf7_locale\" value=\"en_US\" \/><input type=\"hidden\" name=\"_wpcf7_unit_tag\" value=\"wpcf7-f155-o1\" \/><input type=\"hidden\" name=\"_wpcf7_container_post\" value=\"0\" \/><input type=\"hidden\" name=\"_wpcf7_posted_data_hash\" value=\"\" \/><input type=\"hidden\" name=\"_wpcf7_recaptcha_response\" value=\"\" \/>\n<\/fieldset>\n<div class=\"row\">\n\t<div class=\"column-50\">\n\t\t<p><span class=\"wpcf7-form-control-wrap\" data-name=\"your-name\"><input size=\"40\" maxlength=\"400\" class=\"wpcf7-form-control wpcf7-text wpcf7-validates-as-required\" autocomplete=\"name\" aria-required=\"true\" aria-invalid=\"false\" placeholder=\"N\u00e9v*\" value=\"\" type=\"text\" name=\"your-name\" \/><\/span>\n\t\t<\/p>\n\t<\/div>\n\t<div class=\"column-50\">\n\t\t<p><span class=\"wpcf7-form-control-wrap\" data-name=\"your-email\"><input size=\"40\" maxlength=\"400\" class=\"wpcf7-form-control wpcf7-email wpcf7-validates-as-required wpcf7-text wpcf7-validates-as-email\" autocomplete=\"email\" aria-required=\"true\" aria-invalid=\"false\" placeholder=\"E-mail c\u00edm*\" value=\"\" type=\"email\" name=\"your-email\" \/><\/span>\n\t\t<\/p>\n\t<\/div>\n\t<div class=\"column-50\">\n\t\t<p><span class=\"wpcf7-form-control-wrap\" data-name=\"your-tel\"><input size=\"40\" maxlength=\"400\" class=\"wpcf7-form-control wpcf7-tel wpcf7-validates-as-required wpcf7-text wpcf7-validates-as-tel\" aria-required=\"true\" aria-invalid=\"false\" placeholder=\"Telefonsz\u00e1m*\" value=\"\" type=\"tel\" name=\"your-tel\" \/><\/span>\n\t\t<\/p>\n\t<\/div>\n\t<div class=\"column-50\">\n\t\t<p><span class=\"wpcf7-form-control-wrap\" data-name=\"select-cabinet\"><select class=\"wpcf7-form-control wpcf7-select wpcf7-validates-as-required\" aria-required=\"true\" aria-invalid=\"false\" name=\"select-cabinet\"><option value=\"\">Rendel\u0151<\/option><option value=\"Best Optic Blue\">Best Optic Blue<\/option><option value=\"Best Optic Vlahu\u021b\u0103\">Best Optic Vlahu\u021b\u0103<\/option><option value=\"Best Optic Lentile\">Best Optic Kontaktlencse K\u00f6zpont<\/option><option value=\"Best Optic Codlea\">Best Optic Feketehalom<\/option><\/select><\/span>\n\t\t<\/p>\n\t<\/div>\n\t<div class=\"column-100 wpcf7-form-desc\">\n\t\t<p>Vigy\u00e1zz a szemeid eg\u00e9szs\u00e9g\u00e9re. K\u00fcldd el az el\u00e9rhet\u0151s\u00e9geidet, \u00e9s gyorsan id\u0151pontot foglalunk egy vizsg\u00e1latra, ahol egy\u00fctt megtal\u00e1ljuk a sz\u00e1modra legjobb megold\u00e1st a l\u00e1t\u00e1sodra.\n\t\t<\/p>\n\t<\/div>\n\t<div class=\"row\">\n\t<\/div>\n\t<div class=\"column-100\">\n\t\t<div class=\"elementor-widget-eyecazi-button\">\n\t\t\t<div class=\"elementor-button-wrapper\">\n\t\t\t\t<p><button type=\"submit\" class=\"elementor-button-link elementor-button elementor-size-sm\" role=\"button\"><span class=\"elementor-button-content-wrapper content-wrapper\"><span class=\"elementor-button-text\"><span>Id\u0151pontfoglal\u00e1s<\/span><\/span><span class=\"elementor-button-icon\"><i aria-hidden=\"true\" class=\"eyecazi-icon-arrow-right\"><\/i><\/span><\/span><span class=\"elementor-button-content-wrapper content-wrapper-hover\"><span class=\"elementor-button-text\"><span>Id\u0151pontfoglal\u00e1s<\/span><\/span><span class=\"elementor-button-icon\"><i aria-hidden=\"true\" class=\"eyecazi-icon-arrow-right\"><\/i><\/span><\/span><\/button>\n\t\t\t\t<\/p>\n\t\t\t<\/div>\n\t\t<\/div>\n\t<\/div>\n<\/div><div class=\"wpcf7-response-output\" aria-hidden=\"true\"><\/div>\n<input type=\"hidden\" name=\"trp-form-language\" value=\"hu\"\/><\/form>\n<\/div>\n\t\t\t\t<\/div>\n\t\t\t\t<\/div>\n\t\t\t\t<\/div>\n\t\t<div class=\"elementor-element elementor-element-e4084d9 e-con-full e-flex e-con e-child\" data-id=\"e4084d9\" data-element_type=\"container\" data-e-type=\"container\">\n\t\t\t\t<div class=\"elementor-element elementor-element-1889291 animated-fast elementor-invisible elementor-widget elementor-widget-image\" data-id=\"1889291\" data-element_type=\"widget\" data-e-type=\"widget\" data-settings=\"{&quot;_animation&quot;:&quot;opal-move-left&quot;}\" data-widget_type=\"image.default\">\n\t\t\t\t<div class=\"elementor-widget-container\">\n\t\t\t\t\t\t\t\t\t\t\t\t\t\t\t<img fetchpriority=\"high\" decoding=\"async\" width=\"570\" height=\"770\" src=\"https:\/\/bestoptic.ro\/wp-content\/uploads\/2025\/09\/booking-img.jpg\" class=\"attachment-large size-large wp-image-1811\" alt=\"\" srcset=\"https:\/\/bestoptic.ro\/wp-content\/uploads\/2025\/09\/booking-img.jpg 570w, https:\/\/bestoptic.ro\/wp-content\/uploads\/2025\/09\/booking-img-222x300.jpg 222w\" sizes=\"(max-width: 570px) 100vw, 570px\" \/>\t\t\t\t\t\t\t\t\t\t\t\t\t\t\t<\/div>\n\t\t\t\t<\/div>\n\t\t\t\t<\/div>\n\t\t\t\t\t<\/div>\n\t\t\t\t<\/div>\n\t\t\t\t<\/div>","protected":false},"excerpt":{"rendered":"<p>Programeaz\u0103-te C\u00e2nd te vedem la ochi? CabinetBest Optic BlueBest Optic Vlahu\u021b\u0103Best Optic LentileBest Optic CodleaBest Optic Lab Our clinic is equipped with modern facilities and advanced medical technology to ensure accurate diagnoses and effective treatments. Programeaz\u0103-teProgrameaz\u0103-te<\/p>","protected":false},"author":3,"featured_media":0,"parent":0,"menu_order":0,"comment_status":"closed","ping_status":"closed","template":"","meta":{"footnotes":""},"class_list":["post-173","page","type-page","status-publish","hentry"],"_links":{"self":[{"href":"https:\/\/bestoptic.ro\/hu\/wp-json\/wp\/v2\/pages\/173","targetHints":{"allow":["GET"]}}],"collection":[{"href":"https:\/\/bestoptic.ro\/hu\/wp-json\/wp\/v2\/pages"}],"about":[{"href":"https:\/\/bestoptic.ro\/hu\/wp-json\/wp\/v2\/types\/page"}],"author":[{"embeddable":true,"href":"https:\/\/bestoptic.ro\/hu\/wp-json\/wp\/v2\/users\/3"}],"replies":[{"embeddable":true,"href":"https:\/\/bestoptic.ro\/hu\/wp-json\/wp\/v2\/comments?post=173"}],"version-history":[{"count":5,"href":"https:\/\/bestoptic.ro\/hu\/wp-json\/wp\/v2\/pages\/173\/revisions"}],"predecessor-version":[{"id":10503,"href":"https:\/\/bestoptic.ro\/hu\/wp-json\/wp\/v2\/pages\/173\/revisions\/10503"}],"wp:attachment":[{"href":"https:\/\/bestoptic.ro\/hu\/wp-json\/wp\/v2\/media?parent=173"}],"curies":[{"name":"wp","href":"https:\/\/api.w.org\/{rel}","templated":true}]}}