{"id":12934,"date":"2026-03-17T16:12:48","date_gmt":"2026-03-17T14:12:48","guid":{"rendered":"https:\/\/bestoptic.ro\/?page_id=12934"},"modified":"2026-03-18T16:35:46","modified_gmt":"2026-03-18T14:35:46","slug":"voucher-consult-gratuit","status":"publish","type":"page","link":"https:\/\/bestoptic.ro\/hu\/voucher-consult-gratuit\/","title":{"rendered":"Consult gratuit"},"content":{"rendered":"<div data-elementor-type=\"wp-page\" data-elementor-id=\"12934\" class=\"elementor elementor-12934\" data-elementor-post-type=\"page\">\n\t\t\t\t<div class=\"elementor-element elementor-element-8b35130 e-flex e-con-boxed e-con e-parent\" data-id=\"8b35130\" data-element_type=\"container\" data-e-type=\"container\">\n\t\t\t\t\t<div class=\"e-con-inner\">\n\t\t\t\t<div class=\"elementor-element elementor-element-4e87adf elementor-widget elementor-widget-html\" data-id=\"4e87adf\" data-element_type=\"widget\" data-e-type=\"widget\" data-widget_type=\"html.default\">\n\t\t\t\t<div class=\"elementor-widget-container\">\n\t\t\t\t\t<a id=\"downloadPdf\"\r\n   href=\"https:\/\/bestoptic.ro\/wp-content\/uploads\/2026\/03\/Vouchere-Consult-gratuit.pdf\"\r\n   download\r\n style=\"display:none;\">\r\n<\/a>\r\n\r\n<script>\r\nwindow.onload = function () {\r\n  document.getElementById('downloadPdf').click();\r\n};\r\n<\/script>\t\t\t\t<\/div>\n\t\t\t\t<\/div>\n\t\t\t\t<div class=\"elementor-element elementor-element-925a67f elementor-widget elementor-widget-heading\" data-id=\"925a67f\" data-element_type=\"widget\" data-e-type=\"widget\" data-widget_type=\"heading.default\">\n\t\t\t\t<div class=\"elementor-widget-container\">\n\t\t\t\t\t<h4 class=\"elementor-heading-title elementor-size-default\">Mai mult\u0103 claritate pentru tine<\/h4>\t\t\t\t<\/div>\n\t\t\t\t<\/div>\n\t\t\t\t<div class=\"elementor-element elementor-element-bebdfa8 elementor-widget elementor-widget-text-editor\" data-id=\"bebdfa8\" data-element_type=\"widget\" data-e-type=\"widget\" data-widget_type=\"text-editor.default\">\n\t\t\t\t<div class=\"elementor-widget-container\">\n\t\t\t\t\t\t\t\t\t<p data-start=\"183\" data-end=\"235\">Ai ajuns aici pentru c\u0103 vederea ta merit\u0103 aten\u021bie.<\/p><p data-start=\"237\" data-end=\"403\">Prin voucher-ul ce tocmai s-a desc\u0103rcat automat beneficiezi de un <strong>consult optometric complet \u0219i gratuit<\/strong>, realizat \u00een peste 14 etape, pentru a \u00een\u021belege exact cum vezi \u0219i ce \u021bi se potrive\u0219te.<\/p><p data-start=\"405\" data-end=\"479\">Un consult f\u0103cut cu grij\u0103, f\u0103r\u0103 grab\u0103, \u00een care fiecare detaliu conteaz\u0103.<\/p>\t\t\t\t\t\t\t\t<\/div>\n\t\t\t\t<\/div>\n\t\t\t\t<div class=\"elementor-element elementor-element-7921726 elementor-widget elementor-widget-heading\" data-id=\"7921726\" data-element_type=\"widget\" data-e-type=\"widget\" data-widget_type=\"heading.default\">\n\t\t\t\t<div class=\"elementor-widget-container\">\n\t\t\t\t\t<h5 class=\"elementor-heading-title elementor-size-default\">Programez\u0103 consultul gratuit<\/h5>\t\t\t\t<\/div>\n\t\t\t\t<\/div>\n\t\t\t\t<div class=\"elementor-element elementor-element-04e74d7 elementor-widget elementor-widget-eyecazi-contactform\" data-id=\"04e74d7\" data-element_type=\"widget\" data-e-type=\"widget\" data-widget_type=\"eyecazi-contactform.default\">\n\t\t\t\t<div class=\"elementor-widget-container\">\n\t\t\t\t\t\n<div class=\"wpcf7 no-js\" id=\"wpcf7-f155-o1\" lang=\"en-US\" dir=\"ltr\" data-wpcf7-id=\"155\">\n<div class=\"screen-reader-response\"><p role=\"status\" aria-live=\"polite\" aria-atomic=\"true\"><\/p> <ul><\/ul><\/div>\n<form action=\"\/hu\/wp-json\/wp\/v2\/pages\/12934#wpcf7-f155-o1\" method=\"post\" class=\"wpcf7-form init\" aria-label=\"Contact form\" novalidate=\"novalidate\" data-status=\"init\" data-trp-original-action=\"\/hu\/wp-json\/wp\/v2\/pages\/12934#wpcf7-f155-o1\">\n<fieldset class=\"hidden-fields-container\"><input type=\"hidden\" name=\"_wpcf7\" value=\"155\" \/><input type=\"hidden\" name=\"_wpcf7_version\" value=\"6.1.5\" \/><input type=\"hidden\" name=\"_wpcf7_locale\" value=\"en_US\" \/><input type=\"hidden\" name=\"_wpcf7_unit_tag\" value=\"wpcf7-f155-o1\" \/><input type=\"hidden\" name=\"_wpcf7_container_post\" value=\"0\" \/><input type=\"hidden\" name=\"_wpcf7_posted_data_hash\" value=\"\" \/><input type=\"hidden\" name=\"_wpcf7_recaptcha_response\" value=\"\" \/>\n<\/fieldset>\n<div class=\"row\">\n\t<div class=\"column-50\">\n\t\t<p><span class=\"wpcf7-form-control-wrap\" data-name=\"your-name\"><input size=\"40\" maxlength=\"400\" class=\"wpcf7-form-control wpcf7-text wpcf7-validates-as-required\" autocomplete=\"name\" aria-required=\"true\" aria-invalid=\"false\" placeholder=\"N\u00e9v*\" value=\"\" type=\"text\" name=\"your-name\" \/><\/span>\n\t\t<\/p>\n\t<\/div>\n\t<div class=\"column-50\">\n\t\t<p><span class=\"wpcf7-form-control-wrap\" data-name=\"your-email\"><input size=\"40\" maxlength=\"400\" class=\"wpcf7-form-control wpcf7-email wpcf7-validates-as-required wpcf7-text wpcf7-validates-as-email\" autocomplete=\"email\" aria-required=\"true\" aria-invalid=\"false\" placeholder=\"E-mail c\u00edm*\" value=\"\" type=\"email\" name=\"your-email\" \/><\/span>\n\t\t<\/p>\n\t<\/div>\n\t<div class=\"column-50\">\n\t\t<p><span class=\"wpcf7-form-control-wrap\" data-name=\"your-tel\"><input size=\"40\" maxlength=\"400\" class=\"wpcf7-form-control wpcf7-tel wpcf7-validates-as-required wpcf7-text wpcf7-validates-as-tel\" aria-required=\"true\" aria-invalid=\"false\" placeholder=\"Telefonsz\u00e1m*\" value=\"\" type=\"tel\" name=\"your-tel\" \/><\/span>\n\t\t<\/p>\n\t<\/div>\n\t<div class=\"column-50\">\n\t\t<p><span class=\"wpcf7-form-control-wrap\" data-name=\"select-cabinet\"><select class=\"wpcf7-form-control wpcf7-select wpcf7-validates-as-required\" aria-required=\"true\" aria-invalid=\"false\" name=\"select-cabinet\"><option value=\"\">Rendel\u0151<\/option><option value=\"Best Optic Blue\">Best Optic Blue<\/option><option value=\"Best Optic Vlahu\u021b\u0103\">Best Optic Vlahu\u021b\u0103<\/option><option value=\"Best Optic Lentile\">Best Optic Kontaktlencse K\u00f6zpont<\/option><option value=\"Best Optic Codlea\">Best Optic Feketehalom<\/option><\/select><\/span>\n\t\t<\/p>\n\t<\/div>\n\t<div class=\"column-100 wpcf7-form-desc\">\n\t\t<p>Vigy\u00e1zz a szemeid eg\u00e9szs\u00e9g\u00e9re. K\u00fcldd el az el\u00e9rhet\u0151s\u00e9geidet, \u00e9s gyorsan id\u0151pontot foglalunk egy vizsg\u00e1latra, ahol egy\u00fctt megtal\u00e1ljuk a sz\u00e1modra legjobb megold\u00e1st a l\u00e1t\u00e1sodra.\n\t\t<\/p>\n\t<\/div>\n\t<div class=\"row\">\n\t<\/div>\n\t<div class=\"column-100\">\n\t\t<div class=\"elementor-widget-eyecazi-button\">\n\t\t\t<div class=\"elementor-button-wrapper\">\n\t\t\t\t<p><button type=\"submit\" class=\"elementor-button-link elementor-button elementor-size-sm\" role=\"button\"><span class=\"elementor-button-content-wrapper content-wrapper\"><span class=\"elementor-button-text\"><span>Id\u0151pontfoglal\u00e1s<\/span><\/span><span class=\"elementor-button-icon\"><i aria-hidden=\"true\" class=\"eyecazi-icon-arrow-right\"><\/i><\/span><\/span><span class=\"elementor-button-content-wrapper content-wrapper-hover\"><span class=\"elementor-button-text\"><span>Id\u0151pontfoglal\u00e1s<\/span><\/span><span class=\"elementor-button-icon\"><i aria-hidden=\"true\" class=\"eyecazi-icon-arrow-right\"><\/i><\/span><\/span><\/button>\n\t\t\t\t<\/p>\n\t\t\t<\/div>\n\t\t<\/div>\n\t<\/div>\n<\/div><div class=\"wpcf7-response-output\" aria-hidden=\"true\"><\/div>\n<input type=\"hidden\" name=\"trp-form-language\" value=\"hu\"\/><\/form>\n<\/div>\n\t\t\t\t<\/div>\n\t\t\t\t<\/div>\n\t\t\t\t<div class=\"elementor-element elementor-element-6eed441 elementor-align-left elementor-button-outline elementor-widget elementor-widget-eyecazi-button\" data-id=\"6eed441\" data-element_type=\"widget\" data-e-type=\"widget\" data-widget_type=\"eyecazi-button.default\">\n\t\t\t\t<div class=\"elementor-widget-container\">\n\t\t\t\t\t        <div class=\"elementor-button-wrapper\">\n            <a href=\"https:\/\/bestoptic.ro\/wp-content\/uploads\/2026\/03\/Vouchere-Consult-gratuit.pdf\" class=\"elementor-button-link elementor-button elementor-size-sm\" role=\"button\">\n                                    <span class=\"elementor-button-content-wrapper content-wrapper\">\n                \n                <span class=\"elementor-button-text\" data-name=\"Descarc\u0103 voucher-ul\">\n                    <span>Descarc\u0103 voucher-ul<\/span>\n                <\/span>\n            <\/span>\n                    <span class=\"elementor-button-content-wrapper content-wrapper-hover\">\n                \n                <span class=\"elementor-button-text\" data-name=\"Descarc\u0103 voucher-ul\">\n                    <span>Descarc\u0103 voucher-ul<\/span>\n                <\/span>\n            <\/span>\n                            <\/a>\n        <\/div>\n        \t\t\t\t<\/div>\n\t\t\t\t<\/div>\n\t\t\t\t<div class=\"elementor-element elementor-element-b029177 elementor-widget elementor-widget-spacer\" data-id=\"b029177\" data-element_type=\"widget\" data-e-type=\"widget\" data-widget_type=\"spacer.default\">\n\t\t\t\t<div class=\"elementor-widget-container\">\n\t\t\t\t\t\t\t<div class=\"elementor-spacer\">\n\t\t\t<div class=\"elementor-spacer-inner\"><\/div>\n\t\t<\/div>\n\t\t\t\t\t\t<\/div>\n\t\t\t\t<\/div>\n\t\t\t\t\t<\/div>\n\t\t\t\t<\/div>\n\t\t<div class=\"elementor-element elementor-element-b38249c e-flex e-con-boxed e-con e-parent\" data-id=\"b38249c\" data-element_type=\"container\" data-e-type=\"container\">\n\t\t\t\t\t<div class=\"e-con-inner\">\n\t\t\t\t\t<\/div>\n\t\t\t\t<\/div>\n\t\t\t\t<\/div>","protected":false},"excerpt":{"rendered":"<p>Mai mult\u0103 claritate pentru tine Ai ajuns aici pentru c\u0103 vederea ta merit\u0103 aten\u021bie. Prin voucher-ul ce tocmai s-a desc\u0103rcat automat beneficiezi de un consult optometric complet \u0219i gratuit, realizat \u00een peste 14 etape, pentru a \u00een\u021belege exact cum vezi \u0219i ce \u021bi se potrive\u0219te. Un consult f\u0103cut cu grij\u0103, f\u0103r\u0103 grab\u0103, \u00een care fiecare [&hellip;]<\/p>\n","protected":false},"author":3,"featured_media":0,"parent":0,"menu_order":0,"comment_status":"closed","ping_status":"closed","template":"elementor_canvas","meta":{"footnotes":""},"class_list":["post-12934","page","type-page","status-publish","hentry"],"_links":{"self":[{"href":"https:\/\/bestoptic.ro\/hu\/wp-json\/wp\/v2\/pages\/12934","targetHints":{"allow":["GET"]}}],"collection":[{"href":"https:\/\/bestoptic.ro\/hu\/wp-json\/wp\/v2\/pages"}],"about":[{"href":"https:\/\/bestoptic.ro\/hu\/wp-json\/wp\/v2\/types\/page"}],"author":[{"embeddable":true,"href":"https:\/\/bestoptic.ro\/hu\/wp-json\/wp\/v2\/users\/3"}],"replies":[{"embeddable":true,"href":"https:\/\/bestoptic.ro\/hu\/wp-json\/wp\/v2\/comments?post=12934"}],"version-history":[{"count":22,"href":"https:\/\/bestoptic.ro\/hu\/wp-json\/wp\/v2\/pages\/12934\/revisions"}],"predecessor-version":[{"id":13031,"href":"https:\/\/bestoptic.ro\/hu\/wp-json\/wp\/v2\/pages\/12934\/revisions\/13031"}],"wp:attachment":[{"href":"https:\/\/bestoptic.ro\/hu\/wp-json\/wp\/v2\/media?parent=12934"}],"curies":[{"name":"wp","href":"https:\/\/api.w.org\/{rel}","templated":true}]}}