{"id":12902,"date":"2026-03-17T15:52:22","date_gmt":"2026-03-17T13:52:22","guid":{"rendered":"https:\/\/bestoptic.ro\/?page_id=12902"},"modified":"2026-03-18T16:33:43","modified_gmt":"2026-03-18T14:33:43","slug":"voucher-copii","status":"publish","type":"page","link":"https:\/\/bestoptic.ro\/hu\/voucher-copii\/","title":{"rendered":"Voucher copii"},"content":{"rendered":"<div data-elementor-type=\"wp-page\" data-elementor-id=\"12902\" class=\"elementor elementor-12902\" data-elementor-post-type=\"page\">\n\t\t\t\t<div class=\"elementor-element elementor-element-148aadb e-flex e-con-boxed e-con e-parent\" data-id=\"148aadb\" data-element_type=\"container\" data-e-type=\"container\">\n\t\t\t\t\t<div class=\"e-con-inner\">\n\t\t\t\t<div class=\"elementor-element elementor-element-3968860 elementor-widget elementor-widget-html\" data-id=\"3968860\" data-element_type=\"widget\" data-e-type=\"widget\" data-widget_type=\"html.default\">\n\t\t\t\t<div class=\"elementor-widget-container\">\n\t\t\t\t\t<a id=\"downloadPdf\"\r\n   href=\"https:\/\/bestoptic.ro\/wp-content\/uploads\/2026\/03\/Vouchere-copii.pdf\"\r\n   download\r\n style=\"display:none;\">\r\n<\/a>\r\n\r\n<script>\r\nwindow.onload = function () {\r\n  document.getElementById('downloadPdf').click();\r\n};\r\n<\/script>\t\t\t\t<\/div>\n\t\t\t\t<\/div>\n\t\t\t\t<div class=\"elementor-element elementor-element-66ffe19 elementor-widget elementor-widget-heading\" data-id=\"66ffe19\" data-element_type=\"widget\" data-e-type=\"widget\" data-widget_type=\"heading.default\">\n\t\t\t\t<div class=\"elementor-widget-container\">\n\t\t\t\t\t<h4 class=\"elementor-heading-title elementor-size-default\">Vederea micu\u021bului t\u0103u este pe m\u00e2ini bune<\/h4>\t\t\t\t<\/div>\n\t\t\t\t<\/div>\n\t\t\t\t<div class=\"elementor-element elementor-element-f20aaf3 elementor-widget elementor-widget-text-editor\" data-id=\"f20aaf3\" data-element_type=\"widget\" data-e-type=\"widget\" data-widget_type=\"text-editor.default\">\n\t\t\t\t<div class=\"elementor-widget-container\">\n\t\t\t\t\t\t\t\t\t<p>Acum c\u0103 voucher-ul s-a desc\u0103rcat, micu\u021bul t\u0103u poate beneficia de:<\/p><ul><li><strong data-start=\"391\" data-end=\"437\">o pereche de lentile ZEISS cu protec\u021bie UV<\/strong> sau <strong data-start=\"442\" data-end=\"464\">lentile de contact<\/strong><\/li><li><strong data-start=\"469\" data-end=\"504\">un consult optometric am\u0103nun\u021bit<\/strong>, realizat \u00een peste 14 etape<\/li><\/ul><p data-start=\"644\" data-end=\"764\">\u00a0<\/p>\t\t\t\t\t\t\t\t<\/div>\n\t\t\t\t<\/div>\n\t\t\t\t<div class=\"elementor-element elementor-element-55f85db elementor-widget elementor-widget-heading\" data-id=\"55f85db\" data-element_type=\"widget\" data-e-type=\"widget\" data-widget_type=\"heading.default\">\n\t\t\t\t<div class=\"elementor-widget-container\">\n\t\t\t\t\t<h5 class=\"elementor-heading-title elementor-size-default\">Programez\u0103 consultul <\/h5>\t\t\t\t<\/div>\n\t\t\t\t<\/div>\n\t\t\t\t<div class=\"elementor-element elementor-element-90646c5 elementor-widget elementor-widget-eyecazi-contactform\" data-id=\"90646c5\" data-element_type=\"widget\" data-e-type=\"widget\" data-widget_type=\"eyecazi-contactform.default\">\n\t\t\t\t<div class=\"elementor-widget-container\">\n\t\t\t\t\t\n<div class=\"wpcf7 no-js\" id=\"wpcf7-f155-o1\" lang=\"en-US\" dir=\"ltr\" data-wpcf7-id=\"155\">\n<div class=\"screen-reader-response\"><p role=\"status\" aria-live=\"polite\" aria-atomic=\"true\"><\/p> <ul><\/ul><\/div>\n<form action=\"\/hu\/wp-json\/wp\/v2\/pages\/12902#wpcf7-f155-o1\" method=\"post\" class=\"wpcf7-form init\" aria-label=\"Contact form\" novalidate=\"novalidate\" data-status=\"init\" data-trp-original-action=\"\/hu\/wp-json\/wp\/v2\/pages\/12902#wpcf7-f155-o1\">\n<fieldset class=\"hidden-fields-container\"><input type=\"hidden\" name=\"_wpcf7\" value=\"155\" \/><input type=\"hidden\" name=\"_wpcf7_version\" value=\"6.1.5\" \/><input type=\"hidden\" name=\"_wpcf7_locale\" value=\"en_US\" \/><input type=\"hidden\" name=\"_wpcf7_unit_tag\" value=\"wpcf7-f155-o1\" \/><input type=\"hidden\" name=\"_wpcf7_container_post\" value=\"0\" \/><input type=\"hidden\" name=\"_wpcf7_posted_data_hash\" value=\"\" \/><input type=\"hidden\" name=\"_wpcf7_recaptcha_response\" value=\"\" \/>\n<\/fieldset>\n<div class=\"row\">\n\t<div class=\"column-50\">\n\t\t<p><span class=\"wpcf7-form-control-wrap\" data-name=\"your-name\"><input size=\"40\" maxlength=\"400\" class=\"wpcf7-form-control wpcf7-text wpcf7-validates-as-required\" autocomplete=\"name\" aria-required=\"true\" aria-invalid=\"false\" placeholder=\"N\u00e9v*\" value=\"\" type=\"text\" name=\"your-name\" \/><\/span>\n\t\t<\/p>\n\t<\/div>\n\t<div class=\"column-50\">\n\t\t<p><span class=\"wpcf7-form-control-wrap\" data-name=\"your-email\"><input size=\"40\" maxlength=\"400\" class=\"wpcf7-form-control wpcf7-email wpcf7-validates-as-required wpcf7-text wpcf7-validates-as-email\" autocomplete=\"email\" aria-required=\"true\" aria-invalid=\"false\" placeholder=\"E-mail c\u00edm*\" value=\"\" type=\"email\" name=\"your-email\" \/><\/span>\n\t\t<\/p>\n\t<\/div>\n\t<div class=\"column-50\">\n\t\t<p><span class=\"wpcf7-form-control-wrap\" data-name=\"your-tel\"><input size=\"40\" maxlength=\"400\" class=\"wpcf7-form-control wpcf7-tel wpcf7-validates-as-required wpcf7-text wpcf7-validates-as-tel\" aria-required=\"true\" aria-invalid=\"false\" placeholder=\"Telefonsz\u00e1m*\" value=\"\" type=\"tel\" name=\"your-tel\" \/><\/span>\n\t\t<\/p>\n\t<\/div>\n\t<div class=\"column-50\">\n\t\t<p><span class=\"wpcf7-form-control-wrap\" data-name=\"select-cabinet\"><select class=\"wpcf7-form-control wpcf7-select wpcf7-validates-as-required\" aria-required=\"true\" aria-invalid=\"false\" name=\"select-cabinet\"><option value=\"\">Rendel\u0151<\/option><option value=\"Best Optic Blue\">Best Optic Blue<\/option><option value=\"Best Optic Vlahu\u021b\u0103\">Best Optic Vlahu\u021b\u0103<\/option><option value=\"Best Optic Lentile\">Best Optic Kontaktlencse K\u00f6zpont<\/option><option value=\"Best Optic Codlea\">Best Optic Feketehalom<\/option><\/select><\/span>\n\t\t<\/p>\n\t<\/div>\n\t<div class=\"column-100 wpcf7-form-desc\">\n\t\t<p>Vigy\u00e1zz a szemeid eg\u00e9szs\u00e9g\u00e9re. K\u00fcldd el az el\u00e9rhet\u0151s\u00e9geidet, \u00e9s gyorsan id\u0151pontot foglalunk egy vizsg\u00e1latra, ahol egy\u00fctt megtal\u00e1ljuk a sz\u00e1modra legjobb megold\u00e1st a l\u00e1t\u00e1sodra.\n\t\t<\/p>\n\t<\/div>\n\t<div class=\"row\">\n\t<\/div>\n\t<div class=\"column-100\">\n\t\t<div class=\"elementor-widget-eyecazi-button\">\n\t\t\t<div class=\"elementor-button-wrapper\">\n\t\t\t\t<p><button type=\"submit\" class=\"elementor-button-link elementor-button elementor-size-sm\" role=\"button\"><span class=\"elementor-button-content-wrapper content-wrapper\"><span class=\"elementor-button-text\"><span>Id\u0151pontfoglal\u00e1s<\/span><\/span><span class=\"elementor-button-icon\"><i aria-hidden=\"true\" class=\"eyecazi-icon-arrow-right\"><\/i><\/span><\/span><span class=\"elementor-button-content-wrapper content-wrapper-hover\"><span class=\"elementor-button-text\"><span>Id\u0151pontfoglal\u00e1s<\/span><\/span><span class=\"elementor-button-icon\"><i aria-hidden=\"true\" class=\"eyecazi-icon-arrow-right\"><\/i><\/span><\/span><\/button>\n\t\t\t\t<\/p>\n\t\t\t<\/div>\n\t\t<\/div>\n\t<\/div>\n<\/div><div class=\"wpcf7-response-output\" aria-hidden=\"true\"><\/div>\n<input type=\"hidden\" name=\"trp-form-language\" value=\"hu\"\/><\/form>\n<\/div>\n\t\t\t\t<\/div>\n\t\t\t\t<\/div>\n\t\t\t\t<div class=\"elementor-element elementor-element-fc39687 elementor-align-left elementor-button-outline elementor-widget elementor-widget-eyecazi-button\" data-id=\"fc39687\" data-element_type=\"widget\" data-e-type=\"widget\" data-widget_type=\"eyecazi-button.default\">\n\t\t\t\t<div class=\"elementor-widget-container\">\n\t\t\t\t\t        <div class=\"elementor-button-wrapper\">\n            <a href=\"https:\/\/bestoptic.ro\/wp-content\/uploads\/2026\/03\/Vouchere-copii.pdf\" class=\"elementor-button-link elementor-button elementor-size-sm\" role=\"button\">\n                                    <span class=\"elementor-button-content-wrapper content-wrapper\">\n                \n                <span class=\"elementor-button-text\" data-name=\"Descarc\u0103 voucher-ul\">\n                    <span>Descarc\u0103 voucher-ul<\/span>\n                <\/span>\n            <\/span>\n                    <span class=\"elementor-button-content-wrapper content-wrapper-hover\">\n                \n                <span class=\"elementor-button-text\" data-name=\"Descarc\u0103 voucher-ul\">\n                    <span>Descarc\u0103 voucher-ul<\/span>\n                <\/span>\n            <\/span>\n                            <\/a>\n        <\/div>\n        \t\t\t\t<\/div>\n\t\t\t\t<\/div>\n\t\t\t\t<div class=\"elementor-element elementor-element-f9217c9 elementor-widget elementor-widget-spacer\" data-id=\"f9217c9\" data-element_type=\"widget\" data-e-type=\"widget\" data-widget_type=\"spacer.default\">\n\t\t\t\t<div class=\"elementor-widget-container\">\n\t\t\t\t\t\t\t<div class=\"elementor-spacer\">\n\t\t\t<div class=\"elementor-spacer-inner\"><\/div>\n\t\t<\/div>\n\t\t\t\t\t\t<\/div>\n\t\t\t\t<\/div>\n\t\t\t\t\t<\/div>\n\t\t\t\t<\/div>\n\t\t\t\t<\/div>","protected":false},"excerpt":{"rendered":"<p>Vederea micu\u021bului t\u0103u este pe m\u00e2ini bune Acum c\u0103 voucher-ul s-a desc\u0103rcat, micu\u021bul t\u0103u poate beneficia de: o pereche de lentile ZEISS cu protec\u021bie UV sau lentile de contact un consult optometric am\u0103nun\u021bit, realizat \u00een peste 14 etape \u00a0 Programez\u0103 consultul CabinetBest Optic BlueBest Optic Vlahu\u021b\u0103Best Optic LentileBest Optic Codlea Ai grij\u0103 de s\u0103n\u0103tatea ochilor [&hellip;]<\/p>\n","protected":false},"author":3,"featured_media":0,"parent":0,"menu_order":0,"comment_status":"closed","ping_status":"closed","template":"elementor_canvas","meta":{"footnotes":""},"class_list":["post-12902","page","type-page","status-publish","hentry"],"_links":{"self":[{"href":"https:\/\/bestoptic.ro\/hu\/wp-json\/wp\/v2\/pages\/12902","targetHints":{"allow":["GET"]}}],"collection":[{"href":"https:\/\/bestoptic.ro\/hu\/wp-json\/wp\/v2\/pages"}],"about":[{"href":"https:\/\/bestoptic.ro\/hu\/wp-json\/wp\/v2\/types\/page"}],"author":[{"embeddable":true,"href":"https:\/\/bestoptic.ro\/hu\/wp-json\/wp\/v2\/users\/3"}],"replies":[{"embeddable":true,"href":"https:\/\/bestoptic.ro\/hu\/wp-json\/wp\/v2\/comments?post=12902"}],"version-history":[{"count":31,"href":"https:\/\/bestoptic.ro\/hu\/wp-json\/wp\/v2\/pages\/12902\/revisions"}],"predecessor-version":[{"id":13025,"href":"https:\/\/bestoptic.ro\/hu\/wp-json\/wp\/v2\/pages\/12902\/revisions\/13025"}],"wp:attachment":[{"href":"https:\/\/bestoptic.ro\/hu\/wp-json\/wp\/v2\/media?parent=12902"}],"curies":[{"name":"wp","href":"https:\/\/api.w.org\/{rel}","templated":true}]}}