{"id":10959,"date":"2025-12-10T08:01:35","date_gmt":"2025-12-10T06:01:35","guid":{"rendered":"https:\/\/staging.bestoptic.ro\/?page_id=10959"},"modified":"2026-01-22T16:13:24","modified_gmt":"2026-01-22T14:13:24","slug":"politici-de-livrare-si-retur","status":"publish","type":"page","link":"https:\/\/bestoptic.ro\/hu\/politici-de-livrare-si-retur\/","title":{"rendered":"Sz\u00e1ll\u00edt\u00e1si \u00e9s visszak\u00fcld\u00e9si szab\u00e1lyzat"},"content":{"rendered":"<div data-elementor-type=\"wp-page\" data-elementor-id=\"10959\" class=\"elementor elementor-10959\" data-elementor-post-type=\"page\">\n\t\t\t\t<div class=\"elementor-element elementor-element-610aa731 e-flex e-con-boxed e-con e-parent\" data-id=\"610aa731\" data-element_type=\"container\" data-e-type=\"container\">\n\t\t\t\t\t<div class=\"e-con-inner\">\n\t\t\t\t<div class=\"elementor-element elementor-element-1388f211 elementor-widget elementor-widget-text-editor\" data-id=\"1388f211\" data-element_type=\"widget\" data-e-type=\"widget\" data-widget_type=\"text-editor.default\">\n\t\t\t\t<div class=\"elementor-widget-container\">\n\t\t\t\t\t\t\t\t\t\n<div class=\"tm-row wpb_row vc_row-fluid vc_column-gap-default tm-zindex-0 vc_row container tm-bgimage-position-center_center\">\n<div class=\"vc_column-gap-default\">\n<div class=\"wpb_column tm-column vc_column_container vc_col-sm-12 tm-zindex-0\">\n<div class=\"vc_column-inner\">\n<div class=\"wpb_wrapper\">\n<div id=\"livrare-comenzi\" class=\"wpb_text_column wpb_content_element wpb_animate_when_almost_visible wpb_fadeIn fadeIn wpb_start_animation animated\">\n<div class=\"wpb_wrapper\">\n<p><strong>RENDEL\u00c9SEK \u00c1TV\u00c9TELE \/ KISZ\u00c1LL\u00cdT\u00c1SA<\/strong><\/p>\n<p>A Best Optic \u00e1ltal forgalmazott term\u00e9kekre leadott rendel\u00e9seket kiz\u00e1r\u00f3lag az \u00fczlet sz\u00e9khely\u00e9n lehet \u00e1tvenni: 15 Noiembrie sug\u00e1r\u00fat 69., Brass\u00f3 500097.<\/p>\n<p>A rendel\u00e9sek \u00e1tad\u00e1sa legfeljebb 10 munkanapon bel\u00fcl t\u00f6rt\u00e9nik az el\u0151leg befizet\u00e9s\u00e9t\u0151l sz\u00e1m\u00edtva.<\/p>\n<p><strong>VISSZAK\u00dcLD\u00c9SI SZAB\u00c1LYZAT<\/strong><\/p>\n<ol>\n<li>A visszak\u00fcld\u00e9s menete<br \/>A visszak\u00fcld\u00e9si k\u00e9relmet a term\u00e9k birtokba v\u00e9tel\u00e9t\u0151l sz\u00e1m\u00edtott legfeljebb 14 napt\u00e1ri napon bel\u00fcl kell beny\u00fajtani. Ezt a k\u00e9relmet szem\u00e9lyesen kell beny\u00fajtani a fent eml\u00edtett \u00fczlet sz\u00e9khely\u00e9n, a megv\u00e1s\u00e1rolt term\u00e9k bemutat\u00e1s\u00e1val egy\u00fctt.<\/li>\n<li>Visszak\u00fcld\u00e9si inform\u00e1ci\u00f3k<br \/>Javasolt a term\u00e9keket eredeti csomagol\u00e1sban, minden tartoz\u00e9kkal, s\u00e9rtetlen c\u00edmk\u00e9kkel, a hozz\u00e1juk tartoz\u00f3 dokumentumokkal \u00e9s a v\u00e1s\u00e1rl\u00e1si sz\u00e1mla m\u00e1solat\u00e1val egy\u00fctt visszak\u00fcldeni.<br \/>Egy hi\u00e1nyos term\u00e9k visszak\u00fcld\u00e9se, minden olyan tartoz\u00e9k n\u00e9lk\u00fcl, amely eredetileg a csomagban volt, \u00e9rt\u00e9kcs\u00f6kken\u00e9st von maga ut\u00e1n.\u00a0<br \/>Azoknak a term\u00e9keknek a visszak\u00fcld\u00e9se, amelyek fizikai elv\u00e1ltoz\u00e1sokat, \u00fct\u0151d\u00e9seket, lepattan\u00e1sokat, karcol\u00e1sokat, foltokat, mechanikai behat\u00e1sokat stb. mutatnak, szint\u00e9n \u00e9rt\u00e9kcs\u00f6kken\u00e9st eredm\u00e9nyez, a szerviz meg\u00e1llap\u00edt\u00e1s\u00e1t\u00f3l f\u00fcgg\u0151en. A sz\u00e1ll\u00edt\u00e1s \u00e9s a rendel\u00e9s kifizet\u00e9se pillanat\u00e1ig m\u00e1r elv\u00e9gzett kapcsol\u00f3d\u00f3 szolg\u00e1ltat\u00e1sok k\u00f6lts\u00e9geit az \u00fcgyf\u00e9l viseli, a term\u00e9k ellen\u00e9rt\u00e9k\u00e9nek visszat\u00e9r\u00edt\u00e9se pedig legfeljebb 14 napon bel\u00fcl t\u00f6rt\u00e9nik att\u00f3l az id\u0151pontt\u00f3l sz\u00e1m\u00edtva, amikor \u00e9rtes\u00edt\u00e9st kapunk az \u00d6n szerz\u0151d\u00e9st\u0151l val\u00f3 el\u00e1ll\u00e1si d\u00f6nt\u00e9s\u00e9r\u0151l, de nem kor\u00e1bban, mint az \u00e1ru be\u00e9rkez\u00e9s\u00e9nek napja.<\/li>\n<li>A visszak\u00fcld\u00f6tt \u00e1ruk \u00e9rt\u00e9kcs\u00f6kken\u00e9se<br \/>A visszak\u00fcld\u00f6tt \u00e1ruk \u00e9rt\u00e9kcs\u00f6kken\u00e9se (a 34\/2014. sz. s\u00fcrg\u0151ss\u00e9gi korm\u00e1nyrendelet 14. cikk\u00e9nek (3) bekezd\u00e9se szerint). Mivel t\u00e1v\u00e9rt\u00e9kes\u00edt\u00e9s eset\u00e9n a fogyaszt\u00f3nak nincs lehet\u0151s\u00e9ge arra, hogy a szerz\u0151d\u00e9s megk\u00f6t\u00e9se el\u0151tt megtekintse az \u00e1rut, joga van el\u00e1llni a szerz\u0151d\u00e9st\u0151l. Ugyanezen okb\u00f3l a fogyaszt\u00f3 sz\u00e1m\u00e1ra megengedett, hogy a megv\u00e1s\u00e1rolt \u00e1rut olyan m\u00e9rt\u00e9kben kipr\u00f3b\u00e1lja \u00e9s megvizsg\u00e1lja, amennyire az sz\u00fcks\u00e9ges az \u00e1ru jelleg\u00e9nek, tulajdons\u00e1gainak \u00e9s m\u0171k\u00f6d\u00e9s\u00e9nek meg\u00e1llap\u00edt\u00e1s\u00e1hoz.<br \/>Az \u00e1ru jelleg\u00e9nek, tulajdons\u00e1gainak \u00e9s m\u0171k\u00f6d\u00e9s\u00e9nek meg\u00e1llap\u00edt\u00e1s\u00e1hoz a fogyaszt\u00f3nak ugyan\u00fagy kell kezelnie \u00e9s megvizsg\u00e1lnia azt, ahogyan egy val\u00f3s fizikai \u00fczletben megengedett lenne sz\u00e1m\u00e1ra. P\u00e9ld\u00e1ul: a fogyaszt\u00f3 egy ruhadarabot csak felpr\u00f3b\u00e1lhat, nem viselheti k\u00fcl\u00f6nb\u00f6z\u0151 alkalmakon. Az elektronikai \u00e9s h\u00e1ztart\u00e1si k\u00e9sz\u00fcl\u00e9keket kiz\u00e1r\u00f3lag be- \u00e9s kikapcsol\u00e1ssal szabad kipr\u00f3b\u00e1lni, NEM pedig rendeltet\u00e9sszer\u0171 haszn\u00e1lattal. Ez\u00e9rt az el\u00e1ll\u00e1si id\u0151szak alatt a fogyaszt\u00f3nak kell\u0151 gondoss\u00e1ggal kell kezelnie \u00e9s megvizsg\u00e1lnia az \u00e1rut.<br \/>A fogyaszt\u00f3 felel\u0151s az \u00e1ru \u00e9rt\u00e9k\u00e9nek azon cs\u00f6kken\u00e9s\u00e9\u00e9rt, amely olyan kezel\u00e9sb\u0151l ered, amely meghaladja az \u00e1ru jelleg\u00e9nek, tulajdons\u00e1gainak \u00e9s m\u0171k\u00f6d\u00e9s\u00e9nek meg\u00e1llap\u00edt\u00e1s\u00e1hoz sz\u00fcks\u00e9ges m\u00e9rt\u00e9ket.<\/li>\n<\/ol>\n<p><u>Az \u00e1ru jelleg\u00e9nek, min\u0151s\u00e9g\u00e9nek \u00e9s m\u0171k\u00f6d\u00e9s\u00e9nek meg\u00e1llap\u00edt\u00e1s\u00e1ra elfogadott m\u0171veletek:<\/u><\/p>\n<p>\u2013 kibont\u00e1s az eredeti csomagol\u00e1s megsemmis\u00edt\u00e9se vagy k\u00e1ros\u00edt\u00e1sa n\u00e9lk\u00fcl, a kicsomagol\u00e1si \u00fatmutat\u00e1sok k\u00f6vet\u00e9s\u00e9vel (ahol a gy\u00e1rt\u00f3 meghat\u00e1rozza a kezel\u00e9s m\u00f3dj\u00e1t), a csomagol\u00e1s, a term\u00e9k vagy a tartoz\u00e9kok s\u00e9r\u00fcl\u00e9se n\u00e9lk\u00fcl;<br \/>\u2013 a term\u00e9kek vizu\u00e1lis, tapint\u00e1sos \u00e9s szagl\u00e1s \u00fatj\u00e1n t\u00f6rt\u00e9n\u0151 ellen\u0151rz\u00e9se (amennyiben ez nem s\u00e9rti az al\u00e1bbi rendelkez\u00e9seket);<br \/>\u2013 olyan term\u00e9kek eset\u00e9ben, amelyek nem ig\u00e9nylik fogy\u00f3eszk\u00f6z tartoz\u00e9kok felszerel\u00e9s\u00e9t vagy az elektromos \u00e1ramon k\u00edv\u00fcli egy\u00e9b k\u00f6zm\u0171h\u00f6z val\u00f3 csatlakoz\u00e1st, kiz\u00e1r\u00f3lag az elektromos \u00e1rammal val\u00f3 ell\u00e1t\u00e1suk \u00e9s be-\/kikapcsol\u00e1suk enged\u00e9lyezett;<br \/>\u2013 olyan term\u00e9kek eset\u00e9ben, amelyek fogy\u00f3eszk\u00f6z tartoz\u00e9kok felszerel\u00e9s\u00e9t ig\u00e9nylik (pl.: sz\u0171r\u0151k, refill patronok, nyomtat\u00f3patronok, toner stb.) vagy az elektromos \u00e1ramon k\u00edv\u00fcli m\u00e1s k\u00f6zm\u0171h\u00f6z val\u00f3 csatlakoz\u00e1st (pl.: v\u00edz, f\u00f6ldg\u00e1z, s\u0171r\u00edtett leveg\u0151 stb.), kiz\u00e1r\u00f3lag az elektromos \u00e1rammal val\u00f3 ell\u00e1t\u00e1suk \u00e9s be-\/kikapcsol\u00e1suk enged\u00e9lyezett, a fogy\u00f3eszk\u00f6z tartoz\u00e9kok felszerel\u00e9se pedig nem megengedett. Ha a fogyaszt\u00f3 azut\u00e1n gyakorolja el\u00e1ll\u00e1si jog\u00e1t, hogy az \u00e1rut az annak jelleg\u00e9nek, tulajdons\u00e1gainak \u00e9s m\u0171k\u00f6d\u00e9s\u00e9nek meg\u00e1llap\u00edt\u00e1s\u00e1hoz sz\u00fcks\u00e9ges m\u00e9rt\u00e9ket meghalad\u00f3 m\u00f3don haszn\u00e1lta, felel\u0151ss\u00e9ggel tartozik az \u00e1ru esetleges \u00e9rt\u00e9kcs\u00f6kken\u00e9s\u00e9\u00e9rt.<br \/><br \/><\/p>\n<p><u>Nem elfogadott m\u0171veletek, amelyek a visszak\u00fcld\u00f6tt term\u00e9k \u00e9rt\u00e9kcs\u00f6kken\u00e9s\u00e9hez vagy az el\u00e1ll\u00e1si jog elveszt\u00e9s\u00e9hez vezetnek:<\/u><\/p>\n<p>\u2013 elektronikai vagy h\u00e1ztart\u00e1si k\u00e9sz\u00fcl\u00e9kek haszn\u00e1lata b\u00e1rmilyen m\u00e1s m\u00f3don, mint a k\u00e9sz\u00fcl\u00e9k be-\/kikapcsol\u00e1s\u00e1val t\u00f6rt\u00e9n\u0151 tesztel\u00e9s;<br \/>\u2013 a plomb\u00e1k \u00e9s c\u00edmk\u00e9k felt\u00f6r\u00e9se;<br \/>\u2013 az eredeti csomagol\u00e1s felt\u00e9p\u00e9se vagy k\u00e1ros\u00edt\u00e1sa (az eredeti csomagol\u00e1s a term\u00e9k szerves r\u00e9sz\u00e9t k\u00e9pezi);<br \/>\u2013 a term\u00e9kek megkarcol\u00e1sa, beszennyez\u00e9se, foltos\u00edt\u00e1sa, k\u00fcls\u0151 anyagokkal val\u00f3 \u00e1titat\u00e1sa;<br \/>\u2013 a fogy\u00f3eszk\u00f6z tartoz\u00e9kok felbont\u00e1sa (pl. tintapatronok, toner stb.);<br \/>\u2013 a szoftverlicencek felbont\u00e1sa vagy telep\u00edt\u00e9se;<br \/>\u2013 \u00e9lelmiszerek, kozmetikai term\u00e9kek, szem\u00e9lyi higi\u00e9niai term\u00e9kek, tiszt\u00edt\u00f3szerek, gyermekeknek \u00e9s \u00fajsz\u00fcl\u00f6tteknek sz\u00e1nt term\u00e9kek vagy feh\u00e9rnem\u0171k felbont\u00e1sa. A term\u00e9k doboz\u00e1ban tal\u00e1lhat\u00f3 tartoz\u00e9kok (haszn\u00e1lati \u00fatmutat\u00f3k, CD-k, k\u00e1belek stb.), valamint az eredeti csomagol\u00e1s a term\u00e9k szerves r\u00e9sz\u00e9t k\u00e9pezik. Ennek k\u00f6vetkezt\u00e9ben, amikor egy term\u00e9ket visszak\u00fcld, k\u00f6teles azt s\u00e9rtetlen, v\u00e9dett eredeti csomagol\u00e1sban (r\u00e1ragasztott c\u00edmk\u00e9k, v\u00e1g\u00e1sok, szakad\u00e1sok stb. n\u00e9lk\u00fcl) \u00e9s minden tartoz\u00e9k\u00e1val egy\u00fctt visszaszolg\u00e1ltatni. A szerz\u0151d\u00e9st\u0151l val\u00f3 el\u00e1ll\u00e1s eset\u00e9n a fogyaszt\u00f3 kiz\u00e1r\u00f3lag az \u00e1ru \u00e9rt\u00e9k\u00e9nek azon cs\u00f6kken\u00e9s\u00e9\u00e9rt felel\u0151s, amely az \u00e1ru jelleg\u00e9nek, tulajdons\u00e1gainak \u00e9s m\u0171k\u00f6d\u00e9s\u00e9nek meg\u00e1llap\u00edt\u00e1s\u00e1hoz sz\u00fcks\u00e9ges m\u00e9rt\u00e9ket meghalad\u00f3 kezel\u00e9sb\u0151l ered. Abban az esetben, ha a visszak\u00fcld\u00f6tt term\u00e9k s\u00e9r\u00fclt vagy hi\u00e1nyos eredeti csomagol\u00e1ssal, haszn\u00e1lati nyomokkal, karcol\u00e1sokkal, \u00fct\u0151d\u00e9sekkel, elektromos s\u00e9r\u00fcl\u00e9sekkel, hi\u00e1nyz\u00f3 tartoz\u00e9kokkal, hi\u00e1nyz\u00f3 garanciajegyekkel rendelkezik, a fogyaszt\u00f3 felel\u0151s az \u00e1ru \u00e9rt\u00e9kcs\u00f6kken\u00e9s\u00e9\u00e9rt. A term\u00e9k visszak\u00fcld\u00e9se el\u0151tt k\u00e9rj\u00fck, v\u00e9dje az eredeti csomagol\u00e1st stretch m\u0171anyag f\u00f3li\u00e1val vagy kartondobozzal. Ne v\u00e1gja fel az eredeti csomagol\u00e1st, \u00e9s ne ragasszon r\u00e1 c\u00edmk\u00e9ket vagy ragaszt\u00f3szalagot. A haszn\u00e1lt, kop\u00e1snyomokat mutat\u00f3 term\u00e9kek (foltok, karcol\u00e1sok, hajl\u00e1sok, reped\u00e9sek, \u00fct\u0151d\u00e9sek stb.) visszav\u00e9tele csak akkor elfogadhat\u00f3, ha azokat ism\u00e9t megfelel\u0151 \u00e1llapotba hozz\u00e1k, ami higieniz\u00e1l\u00e1si, kozmetikai helyre\u00e1ll\u00edt\u00e1si, jav\u00edt\u00e1si, esetleges s\u00e9r\u00fclt alkatr\u00e9szek cser\u00e9j\u00e9nek \u00e9s kereskedelmi forgalomba hozhat\u00f3 \u00e1llapotba t\u00f6rt\u00e9n\u0151 vissza\u00e1ll\u00edt\u00e1s\u00e1nak k\u00f6lts\u00e9geivel j\u00e1r, fel\u00faj\u00edtott \/ refurbished term\u00e9kk\u00e9nt t\u00f6rt\u00e9n\u0151 \u00e9rt\u00e9kes\u00edt\u00e9s c\u00e9lj\u00e1b\u00f3l. A v\u00e9gs\u0151 \u00e9rt\u00e9ket a cser\u00e9lend\u0151 alkatr\u00e9szek \u00e9rt\u00e9ke \u00e9s a fel\u00faj\u00edt\u00e1si munka k\u00f6lts\u00e9ge, vagy az \u00faj term\u00e9k eredeti \u00e9rt\u00e9ke \u00e9s a haszn\u00e1lt term\u00e9k viszontelad\u00e1si \u00e9rt\u00e9ke k\u00f6z\u00f6tti k\u00fcl\u00f6nbs\u00e9g alapj\u00e1n \u00e1llap\u00edtj\u00e1k meg.<br \/>A s\u00e9r\u00fclt eredeti csomagol\u00e1ssal rendelkez\u0151 term\u00e9kek \u00e9rt\u00e9ke (gy\u0171r\u00f6tt \u00e9s\/vagy szakadt \u00e9s\/vagy v\u00e1gott \u00e9s\/vagy kilyukadt \u00e9s\/vagy nedves \u00e9s\/vagy c\u00edmke-, ragaszt\u00f3szalag-, toll-, marker- stb. nyomokat visel\u0151 karton) a helyre\u00e1ll\u00edt\u00e1s k\u00f6lts\u00e9g\u00e9vel cs\u00f6kken. Az eredeti csomagol\u00e1s n\u00e9lk\u00fcli vagy hi\u00e1nyos eredeti csomagol\u00e1s\u00fa term\u00e9kek \u00e9rt\u00e9ke (p\u00e9ld\u00e1ul: biztons\u00e1gi tart\u00f3k, karton vagy polisztirol v\u00e9d\u0151elemek stb.) szint\u00e9n a helyre\u00e1ll\u00edt\u00e1s k\u00f6lts\u00e9g\u00e9vel cs\u00f6kken.<\/p>\n<p>A term\u00e9kek \u00e1llapot\u00e1nak b\u00e1rmilyen megv\u00e1ltoz\u00e1sa vagy eredeti csomagol\u00e1suk olyan m\u00e9rt\u00e9k\u0171 s\u00e9r\u00fcl\u00e9se, amely lehetetlenn\u00e9 teszi a term\u00e9k \u00fajk\u00e9nt t\u00f6rt\u00e9n\u0151 \u00e9rt\u00e9kes\u00edt\u00e9s\u00e9t, automatikusan a visszak\u00fcld\u00e9si elj\u00e1r\u00e1s alkalmaz\u00e1s\u00e1t vonja maga ut\u00e1n, amely a term\u00e9kek eredeti, sz\u00e1ll\u00edt\u00e1skori \u00e1llapotba val\u00f3 vissza\u00e1ll\u00edt\u00e1s\u00e1nak k\u00f6lts\u00e9geivel j\u00e1r.<\/p>\n<p>Az \u00e9rt\u00e9kcs\u00f6kken\u00e9s a term\u00e9k eredeti \u00e9rt\u00e9k\u00e9nek 10% \u00e9s 90% k\u00f6z\u00f6tti m\u00e9rt\u00e9k\u00e9ben ker\u00fcl alkalmaz\u00e1sra. Az \u00e9rt\u00e9kcs\u00f6kken\u00e9si d\u00edjat a term\u00e9kek \u00e1tv\u00e9telekor k\u00f6z\u00f6lj\u00fck az \u00fcgyf\u00e9llel.<\/p>\n<p>\u2013 a visszak\u00fcld\u00f6tt term\u00e9ket eredeti garanciajeggyel kell k\u00eds\u00e9rni, amennyiben azt a gy\u00e1rt\u00f3 \/ forgalmaz\u00f3 \u00e1ll\u00edtotta ki, kiv\u00e9ve az elektronikus form\u00e1tumban ki\u00e1ll\u00edtott garanciajegyeket.<br \/>\u2013 ha a visszak\u00fcld\u00f6tt term\u00e9keket esetleges b\u00f3nuszok \/ aj\u00e1nd\u00e9kok k\u00eds\u00e9rt\u00e9k, azokat is vissza kell k\u00fcldeni. Ellenkez\u0151 esetben ezek \u00e9rt\u00e9ke levon\u00e1sra ker\u00fcl a visszat\u00e9r\u00edt\u00e9s \u00f6sszeg\u00e9b\u0151l.<\/p>\n<p>A B.G. Vision S.R.L. (bestoptic.ro) a visszak\u00fcld\u00e9si elj\u00e1r\u00e1s lehet\u0151 legjobb lebonyol\u00edt\u00e1sa \u00e9rdek\u00e9ben javasolja a term\u00e9khez tartoz\u00f3 teljes csomagol\u00e1s \u00e9s minden tartoz\u00e9k meg\u0151rz\u00e9s\u00e9t. Egy term\u00e9k csomagol\u00e1s n\u00e9lk\u00fcli, vagy a csomagol\u00e1s bizonyos tartoz\u00e9kai (p\u00e9ld\u00e1ul karton vagy polisztirol biztons\u00e1gi \/ v\u00e9d\u0151elemek), illetve a term\u00e9k saj\u00e1t tartoz\u00e9kai n\u00e9lk\u00fcli visszak\u00fcld\u00e9se a fentiek szerint a term\u00e9k \u00e9rt\u00e9k\u00e9nek cs\u00f6kken\u00e9s\u00e9hez vezet.<\/p>\n<p>A fogyaszt\u00f3 nem gyakorolhatja el\u00e1ll\u00e1si jog\u00e1t olyan lez\u00e1rt \u00e1ruk sz\u00e1ll\u00edt\u00e1sa eset\u00e9n, amelyek eg\u00e9szs\u00e9gv\u00e9delmi vagy higi\u00e9niai okokb\u00f3l nem k\u00fcldhet\u0151k vissza, \u00e9s amelyeket felbontottak: \u00e9lelmiszerek, kozmetikai term\u00e9kek, feh\u00e9rnem\u0171k, valamint olyan elektronikai term\u00e9kek, amelyek \u00e9rintkez\u00e9sbe ker\u00fcltek a b\u0151rrel \/ hajjal \/ sz\u00e1j\u00fcreggel \/ f\u00fclekkel.<\/p>\n<ol start=\"4\">\n<li><strong> Nem visszak\u00fcldhet\u0151 term\u00e9kkateg\u00f3ri\u00e1k<\/strong><br \/>Kiz\u00e1rt term\u00e9kek, visszak\u00fcld\u00e9si jog n\u00e9lk\u00fcl<br \/>1. a fogyaszt\u00f3 \u00e1ltal megadott specifik\u00e1ci\u00f3k alapj\u00e1n k\u00e9sz\u00edtett vagy egy\u00e9rtelm\u0171en szem\u00e9lyre szabott term\u00e9kek (a dioptri\u00e1s lencs\u00e9ket egyedi, konkr\u00e9t ig\u00e9nyek alapj\u00e1n gy\u00e1rtj\u00e1k, ez\u00e9rt ezek nem jogosultak visszak\u00fcld\u00e9sre)<br \/>2. olyan term\u00e9kek, amelyek gyorsan romland\u00f3k vagy gyorsan lej\u00e1rnak<br \/>3. b\u00e1rmely term\u00e9kkateg\u00f3ri\u00e1hoz tartoz\u00f3, felbontott fogy\u00f3eszk\u00f6z term\u00e9kek<br \/>4. lez\u00e1rt term\u00e9kek, amelyek eg\u00e9szs\u00e9gv\u00e9delmi vagy higi\u00e9niai okokb\u00f3l nem k\u00fcldhet\u0151k vissza, \u00e9s amelyeket a fogyaszt\u00f3 felbontott \u2013 bizonyos term\u00e9kek a SZEM\u00c9LYES \u00c1POL\u00c1S, ANYA \u00c9S GYERMEK vagy SPORT \u00c9S FITNESS kateg\u00f3ri\u00e1b\u00f3l, amelyeket higi\u00e9niai \/ test\u00e1pol\u00e1si vagy t\u00e1pl\u00e1lkoz\u00e1si c\u00e9lra haszn\u00e1lnak<br \/>5. olyan term\u00e9kek, amelyek term\u00e9szet\u00fckn\u00e9l fogva a sz\u00e1ll\u00edt\u00e1s ut\u00e1n elv\u00e1laszthatatlanul \u00f6sszekeverednek m\u00e1s elemekkel<\/li>\n<\/ol>\n<\/div>\n<\/div>\n<\/div>\n<\/div>\n<\/div>\n<\/div>\n<\/div>\n\t\t\t\t\t\t\t\t<\/div>\n\t\t\t\t<\/div>\n\t\t\t\t\t<\/div>\n\t\t\t\t<\/div>\n\t\t\t\t<\/div>","protected":false},"excerpt":{"rendered":"<p>LIVRAREA COMENZILOR Comenzile f\u0103cute pentru produsele comercializate de Best Optic pot fi ridicate exclusiv de la sediul magazinului: Bulevardul 15 Noiembrie Nr. 69, Bra\u0219ov 500097 Livrarea comenzilor se va efectua \u00een maxim 10 zile lucr\u0103toare de la efectuarea pl\u0103\u021bii avansului. POLITICA DE RETUR Procedura de returSolicitarea de retur trebuie facut\u0103 \u00een termen de maxim 14 [&hellip;]<\/p>\n","protected":false},"author":3,"featured_media":0,"parent":0,"menu_order":0,"comment_status":"closed","ping_status":"closed","template":"","meta":{"footnotes":""},"class_list":["post-10959","page","type-page","status-publish","hentry"],"_links":{"self":[{"href":"https:\/\/bestoptic.ro\/hu\/wp-json\/wp\/v2\/pages\/10959","targetHints":{"allow":["GET"]}}],"collection":[{"href":"https:\/\/bestoptic.ro\/hu\/wp-json\/wp\/v2\/pages"}],"about":[{"href":"https:\/\/bestoptic.ro\/hu\/wp-json\/wp\/v2\/types\/page"}],"author":[{"embeddable":true,"href":"https:\/\/bestoptic.ro\/hu\/wp-json\/wp\/v2\/users\/3"}],"replies":[{"embeddable":true,"href":"https:\/\/bestoptic.ro\/hu\/wp-json\/wp\/v2\/comments?post=10959"}],"version-history":[{"count":10,"href":"https:\/\/bestoptic.ro\/hu\/wp-json\/wp\/v2\/pages\/10959\/revisions"}],"predecessor-version":[{"id":11961,"href":"https:\/\/bestoptic.ro\/hu\/wp-json\/wp\/v2\/pages\/10959\/revisions\/11961"}],"wp:attachment":[{"href":"https:\/\/bestoptic.ro\/hu\/wp-json\/wp\/v2\/media?parent=10959"}],"curies":[{"name":"wp","href":"https:\/\/api.w.org\/{rel}","templated":true}]}}