{"id":10504,"date":"2025-12-04T15:13:18","date_gmt":"2025-12-04T13:13:18","guid":{"rendered":"https:\/\/staging.bestoptic.ro\/?page_id=10504"},"modified":"2026-01-19T13:07:09","modified_gmt":"2026-01-19T11:07:09","slug":"konzultacio-lepesei","status":"publish","type":"page","link":"https:\/\/bestoptic.ro\/hu\/etape-consult\/","title":{"rendered":"Etape Consult"},"content":{"rendered":"<div data-elementor-type=\"wp-page\" data-elementor-id=\"10504\" class=\"elementor elementor-10504\" data-elementor-post-type=\"page\">\n\t\t\t\t<div class=\"elementor-element elementor-element-1276aba e-flex e-con-boxed e-con e-parent\" data-id=\"1276aba\" data-element_type=\"container\" data-e-type=\"container\">\n\t\t\t\t\t<div class=\"e-con-inner\">\n\t\t<div class=\"elementor-element elementor-element-342730d e-con-full e-flex e-con e-child\" data-id=\"342730d\" data-element_type=\"container\" data-e-type=\"container\">\n\t\t<div class=\"elementor-element elementor-element-5cf05b3 e-con-full e-flex e-con e-child\" data-id=\"5cf05b3\" data-element_type=\"container\" data-e-type=\"container\">\n\t\t\t\t<div class=\"elementor-element elementor-element-2c927ae animated-fast elementor-icon-list--layout-traditional elementor-list-item-link-full_width elementor-invisible elementor-widget elementor-widget-icon-list\" data-id=\"2c927ae\" data-element_type=\"widget\" data-e-type=\"widget\" data-settings=\"{&quot;_animation&quot;:&quot;opal-move-up&quot;}\" data-widget_type=\"icon-list.default\">\n\t\t\t\t<div class=\"elementor-widget-container\">\n\t\t\t\t\t\t\t<ul class=\"elementor-icon-list-items\">\n\t\t\t\t\t\t\t<li class=\"elementor-icon-list-item\">\n\t\t\t\t\t\t\t\t\t\t\t<span class=\"elementor-icon-list-icon\">\n\t\t\t\t\t\t\t<i aria-hidden=\"true\" class=\"eyecazi-icon- eyecazi-icon-icon-cross\"><\/i>\t\t\t\t\t\t<\/span>\n\t\t\t\t\t\t\t\t\t\t<span class=\"elementor-icon-list-text\">A vizsg\u00e1lat l\u00e9p\u00e9sei<\/span>\n\t\t\t\t\t\t\t\t\t<\/li>\n\t\t\t\t\t\t<\/ul>\n\t\t\t\t\t\t<\/div>\n\t\t\t\t<\/div>\n\t\t\t\t<div class=\"elementor-element elementor-element-e2fa972 elementor-widget__width-initial animated-fast elementor-invisible elementor-widget elementor-widget-heading\" data-id=\"e2fa972\" data-element_type=\"widget\" data-e-type=\"widget\" data-settings=\"{&quot;_animation&quot;:&quot;opal-move-up&quot;}\" data-widget_type=\"heading.default\">\n\t\t\t\t<div class=\"elementor-widget-container\">\n\t\t\t\t\t<h2 class=\"elementor-heading-title elementor-size-default\">Azok a k\u00fcl\u00f6nbs\u00e9gek, amelyek val\u00f3ban sz\u00e1m\u00edtanak sz\u00e1modra<\/h2>\t\t\t\t<\/div>\n\t\t\t\t<\/div>\n\t\t\t\t<div class=\"elementor-element elementor-element-4d2f985 elementor-widget__width-initial animated-fast elementor-invisible elementor-widget elementor-widget-heading\" data-id=\"4d2f985\" data-element_type=\"widget\" data-e-type=\"widget\" data-settings=\"{&quot;_animation&quot;:&quot;opal-move-up&quot;}\" data-widget_type=\"heading.default\">\n\t\t\t\t<div class=\"elementor-widget-container\">\n\t\t\t\t\t<h4 class=\"elementor-heading-title elementor-size-default\">Minimum 25 perc alatt a szemeid egy 20 j\u00f3l fel\u00e9p\u00edtett l\u00e9p\u00e9sb\u0151l \u00e1ll\u00f3 vizsg\u00e1laton mennek kereszt\u00fcl. <br><br>Minden nyugodt temp\u00f3ban, korszer\u0171 technol\u00f3gi\u00e1val \u00e9s modern, nem invaz\u00edv protokollok alapj\u00e1n t\u00f6rt\u00e9nik, hogy a v\u00e9g\u00e9n 100%-ban szem\u00e9lyre szabott eredm\u00e9nyt kapj.\n<\/h4>\t\t\t\t<\/div>\n\t\t\t\t<\/div>\n\t\t\t\t<\/div>\n\t\t<div class=\"elementor-element elementor-element-db0ebe2 e-con-full e-flex e-con e-child\" data-id=\"db0ebe2\" data-element_type=\"container\" data-e-type=\"container\">\n\t\t\t\t<div class=\"elementor-element elementor-element-4b6128e animated-fast elementor-hidden-mobile_extra elementor-hidden-mobile elementor-button-default elementor-invisible elementor-widget elementor-widget-eyecazi-button\" data-id=\"4b6128e\" data-element_type=\"widget\" data-e-type=\"widget\" data-settings=\"{&quot;_animation&quot;:&quot;opal-move-up&quot;}\" data-widget_type=\"eyecazi-button.default\">\n\t\t\t\t<div class=\"elementor-widget-container\">\n\t\t\t\t\t        <div class=\"elementor-button-wrapper\">\n            <a href=\"https:\/\/bestoptic.ro\/hu\/erintkezes\/\" class=\"elementor-button-link elementor-button elementor-size-sm\" role=\"button\">\n                                    <span class=\"elementor-button-content-wrapper content-wrapper\">\n                                    <span class=\"elementor-button-icon\">\n                        <i aria-hidden=\"true\" class=\"eyecazi-icon- eyecazi-icon-arrow-right\"><\/i>                    <\/span>\n                \n                <span class=\"elementor-button-text\" data-name=\"Programeaz\u0103-te\">\n                    <span>Id\u0151pontfoglal\u00e1s<\/span>\n                <\/span>\n            <\/span>\n                    <span class=\"elementor-button-content-wrapper content-wrapper-hover\">\n                                    <span class=\"elementor-button-icon\">\n                        <i aria-hidden=\"true\" class=\"eyecazi-icon- eyecazi-icon-arrow-right\"><\/i>                    <\/span>\n                \n                <span class=\"elementor-button-text\" data-name=\"Programeaz\u0103-te\">\n                    <span>Id\u0151pontfoglal\u00e1s<\/span>\n                <\/span>\n            <\/span>\n                            <\/a>\n        <\/div>\n        \t\t\t\t<\/div>\n\t\t\t\t<\/div>\n\t\t\t\t<\/div>\n\t\t<div class=\"elementor-element elementor-element-d7c1e88 e-con-full e-grid e-con e-child\" data-id=\"d7c1e88\" data-element_type=\"container\" data-e-type=\"container\">\n\t\t\t\t<div class=\"elementor-element elementor-element-4a511ba elementor-cta--skin-cover elementor-cta--valign-stretch animated-fast elementor-button-default elementor-invisible elementor-widget elementor-widget-eyecazi-banner\" data-id=\"4a511ba\" data-element_type=\"widget\" data-e-type=\"widget\" data-settings=\"{&quot;_animation&quot;:&quot;opal-move-right&quot;}\" data-widget_type=\"eyecazi-banner.default\">\n\t\t\t\t<div class=\"elementor-widget-container\">\n\t\t\t\t\t        <div class=\"elementor-cta\">\n                    <div class=\"elementor-cta__bg-wrapper\">\n                <div class=\"elementor-cta__bg elementor-bg\" style=\"background-image: url();\"><\/div>\n                <div class=\"elementor-cta__bg-overlay\">\n                                    <\/div>\n            <\/div>\n                            <div class=\"elementor-cta__content\">\n                <div class=\"elementor-cta__content-inner\">\n                                            <div class=\"elementor-content-item elementor-cta__content-item elementor-icon-wrapper elementor-cta__icon elementor-view-stacked elementor-shape-circle\">\n                            <div class=\"elementor-icon\">\n                                <i aria-hidden=\"true\" class=\"eyecazi-icon- eyecazi-icon-trusted\"><\/i>                            <\/div>\n                        <\/div>\n                    \n                    <div class='elementor-content-wrapper'>\n                        \n                        <h6 class=\"elementor-cta__title elementor-cta__content-item elementor-content-item\"> Megismer\u00fcnk mint p\u00e1cienst<\/h6>                                                    <div class=\"elementor-cta__description elementor-cta__content-item elementor-content-item\">\n                                <b>Veled kezd\u00fcnk:<\/b><br><br>\n- Anamn\u00e9zis: elmondod a k\u00f3rt\u00f6rt\u00e9netedet, mi\u00e9rt j\u00f6tt\u00e9l vizsg\u00e1latra, \u00e9s hogyan haszn\u00e1lod a szemeidet a mindennapokban<br>\nA kor\u00e1bbi korrekci\u00f3 felm\u00e9r\u00e9se \u2013 megn\u00e9zz\u00fck a jelenleg viselt szem\u00fcvegedet vagy kontaktlencs\u00e9det, valamint azok \u00e1llapot\u00e1t\n                            <\/div>\n                        \n                                        <\/div>\n            <\/div>\n            <\/div>\n                        <\/div>\n        \t\t\t\t<\/div>\n\t\t\t\t<\/div>\n\t\t\t\t<div class=\"elementor-element elementor-element-361c435 elementor-cta--skin-cover elementor-cta--valign-stretch elementor-cta--layout-icon-below elementor-cta--mobile-layout-icon-above animated-fast elementor-button-default elementor-invisible elementor-widget elementor-widget-eyecazi-banner\" data-id=\"361c435\" data-element_type=\"widget\" data-e-type=\"widget\" data-settings=\"{&quot;_animation&quot;:&quot;opal-move-up&quot;}\" data-widget_type=\"eyecazi-banner.default\">\n\t\t\t\t<div class=\"elementor-widget-container\">\n\t\t\t\t\t        <div class=\"elementor-cta\">\n                    <div class=\"elementor-cta__bg-wrapper\">\n                <div class=\"elementor-cta__bg elementor-bg\" style=\"background-image: url();\"><\/div>\n                <div class=\"elementor-cta__bg-overlay\">\n                                    <\/div>\n            <\/div>\n                            <div class=\"elementor-cta__content\">\n                <div class=\"elementor-cta__content-inner\">\n                                            <div class=\"elementor-content-item elementor-cta__content-item elementor-icon-wrapper elementor-cta__icon elementor-view-stacked elementor-shape-circle\">\n                            <div class=\"elementor-icon\">\n                                <i aria-hidden=\"true\" class=\"eyecazi-icon- eyecazi-icon-attention\"><\/i>                            <\/div>\n                        <\/div>\n                    \n                    <div class='elementor-content-wrapper'>\n                        \n                        <h6 class=\"elementor-cta__title elementor-cta__content-item elementor-content-item\">A jelenlegi l\u00e1t\u00e1sod felm\u00e9r\u00e9se<\/h6>                                                    <div class=\"elementor-cta__description elementor-cta__content-item elementor-content-item\">\n                                <b>Meg\u00e1llap\u00edtjuk, hogyan l\u00e1tsz jelenleg, \u00e9s milyen a szemeid k\u00fcls\u0151 \u00e1llapota.<\/b>\n<br><br>\n- L\u00e1t\u00e1s\u00e9less\u00e9g korrekci\u00f3val \u00e9s korrekci\u00f3 n\u00e9lk\u00fcl<br>\n- Az el\u00fcls\u0151 szegmens vizsg\u00e1lata biomikroszk\u00f3ppal<br>\n- Digit\u00e1lis m\u00e9r\u00e9sek ZEISS iProfilerrel<br><br>\n                            <\/div>\n                        \n                                        <\/div>\n            <\/div>\n            <\/div>\n                        <\/div>\n        \t\t\t\t<\/div>\n\t\t\t\t<\/div>\n\t\t\t\t<div class=\"elementor-element elementor-element-9ea971c elementor-cta--skin-cover elementor-cta--valign-stretch animated-fast elementor-button-default elementor-invisible elementor-widget elementor-widget-eyecazi-banner\" data-id=\"9ea971c\" data-element_type=\"widget\" data-e-type=\"widget\" data-settings=\"{&quot;_animation&quot;:&quot;opal-move-left&quot;}\" data-widget_type=\"eyecazi-banner.default\">\n\t\t\t\t<div class=\"elementor-widget-container\">\n\t\t\t\t\t        <div class=\"elementor-cta\">\n                    <div class=\"elementor-cta__bg-wrapper\">\n                <div class=\"elementor-cta__bg elementor-bg\" style=\"background-image: url();\"><\/div>\n                <div class=\"elementor-cta__bg-overlay\">\n                                    <\/div>\n            <\/div>\n                            <div class=\"elementor-cta__content\">\n                <div class=\"elementor-cta__content-inner\">\n                                            <div class=\"elementor-content-item elementor-cta__content-item elementor-icon-wrapper elementor-cta__icon elementor-view-stacked elementor-shape-circle\">\n                            <div class=\"elementor-icon\">\n                                <i aria-hidden=\"true\" class=\"eyecazi-icon- eyecazi-icon-eye-7\"><\/i>                            <\/div>\n                        <\/div>\n                    \n                    <div class='elementor-content-wrapper'>\n                        \n                        <h6 class=\"elementor-cta__title elementor-cta__content-item elementor-content-item\">A megfelel\u0151 optikai korrekci\u00f3 meghat\u00e1roz\u00e1sa<\/h6>                                                    <div class=\"elementor-cta__description elementor-cta__content-item elementor-content-item\">\n                                <b>Itt hat\u00e1rozzuk meg pontosan, milyen dioptria megfelel\u0151 sz\u00e1modra.<\/b> <br>\n<br>- Dezakkomod\u00e1ci\u00f3\n<br>- Piros\/z\u00f6ld duokr\u00f3m teszt\n<br>- A t\u00e1voli korrekci\u00f3 ellen\u0151rz\u00e9se (szkiaszk\u00f3pia, foropter, Jackson-cilinder)\n<br>- K\u00f6zeli \u00e9s k\u00f6ztes korrekci\u00f3\n<br>- Konvergenciateszt\n<br>- Cap &amp; Ball koordin\u00e1ci\u00f3s teszt\n<br>- A szemdominancia meghat\u00e1roz\u00e1sa\n<br>- Cover test (f\u00f3ri\u00e1k)\n                            <\/div>\n                        \n                                        <\/div>\n            <\/div>\n            <\/div>\n                        <\/div>\n        \t\t\t\t<\/div>\n\t\t\t\t<\/div>\n\t\t\t\t<\/div>\n\t\t<div class=\"elementor-element elementor-element-2065d3f e-grid e-con-boxed e-con e-child\" data-id=\"2065d3f\" data-element_type=\"container\" data-e-type=\"container\">\n\t\t\t\t\t<div class=\"e-con-inner\">\n\t\t\t\t<div class=\"elementor-element elementor-element-f3f158b elementor-cta--skin-cover elementor-cta--valign-stretch elementor-cta--layout-icon-below elementor-cta--mobile-layout-icon-above animated-fast elementor-button-default elementor-invisible elementor-widget elementor-widget-eyecazi-banner\" data-id=\"f3f158b\" data-element_type=\"widget\" data-e-type=\"widget\" data-settings=\"{&quot;_animation&quot;:&quot;opal-move-up&quot;}\" data-widget_type=\"eyecazi-banner.default\">\n\t\t\t\t<div class=\"elementor-widget-container\">\n\t\t\t\t\t        <div class=\"elementor-cta\">\n                    <div class=\"elementor-cta__bg-wrapper\">\n                <div class=\"elementor-cta__bg elementor-bg\" style=\"background-image: url();\"><\/div>\n                <div class=\"elementor-cta__bg-overlay\">\n                                    <\/div>\n            <\/div>\n                            <div class=\"elementor-cta__content\">\n                <div class=\"elementor-cta__content-inner\">\n                                            <div class=\"elementor-content-item elementor-cta__content-item elementor-icon-wrapper elementor-cta__icon elementor-view-stacked elementor-shape-circle\">\n                            <div class=\"elementor-icon\">\n                                <i aria-hidden=\"true\" class=\"eyecazi-icon- eyecazi-icon-attention\"><\/i>                            <\/div>\n                        <\/div>\n                    \n                    <div class='elementor-content-wrapper'>\n                        \n                        <h6 class=\"elementor-cta__title elementor-cta__content-item elementor-content-item\">Hogyan m\u0171k\u00f6dnek a szemeid, \u00e9s mennyire eg\u00e9szs\u00e9gesek<\/h6>                                                    <div class=\"elementor-cta__description elementor-cta__content-item elementor-content-item\">\n                                <b>Ellen\u0151rizz\u00fck, hogy a szemeid j\u00f3l m\u0171k\u00f6dnek-e egy\u00fctt, \u00e9s vannak-e rejtett kock\u00e1zatok vagy elv\u00e1ltoz\u00e1sok.<\/b>\n<br><br>\n- Sz\u00ednl\u00e1t\u00e1s (Ishihara-teszt)<br>\n- Binokul\u00e1ris l\u00e1t\u00e1s (Pola Test\/Schrober)\n<br>\n- Digit\u00e1lis m\u00e9r\u00e9sek ZEISS iProfilerrel<br>\n- Tonometria (szemnyom\u00e1sm\u00e9r\u00e9s)<br>- Digit\u00e1lis pupillometria\n<br>- Biometria (az axi\u00e1lis hossz m\u00e9r\u00e9se)\n<br>- Kieg\u00e9sz\u00edt\u0151 vizsg\u00e1latok (MPS II, topogr\u00e1fia)\n<br>- Funduskamera \u2013 felv\u00e9telek a szem h\u00e1ts\u00f3 p\u00f3lus\u00e1r\u00f3l\n<br><br>                            <\/div>\n                        \n                                        <\/div>\n            <\/div>\n            <\/div>\n                        <\/div>\n        \t\t\t\t<\/div>\n\t\t\t\t<\/div>\n\t\t\t\t<div class=\"elementor-element elementor-element-626fa23 elementor-cta--skin-cover elementor-cta--valign-stretch animated-fast elementor-button-default elementor-invisible elementor-widget elementor-widget-eyecazi-banner\" data-id=\"626fa23\" data-element_type=\"widget\" data-e-type=\"widget\" data-settings=\"{&quot;_animation&quot;:&quot;opal-move-left&quot;}\" data-widget_type=\"eyecazi-banner.default\">\n\t\t\t\t<div class=\"elementor-widget-container\">\n\t\t\t\t\t        <div class=\"elementor-cta\">\n                    <div class=\"elementor-cta__bg-wrapper\">\n                <div class=\"elementor-cta__bg elementor-bg\" style=\"background-image: url();\"><\/div>\n                <div class=\"elementor-cta__bg-overlay\">\n                                    <\/div>\n            <\/div>\n                            <div class=\"elementor-cta__content\">\n                <div class=\"elementor-cta__content-inner\">\n                                            <div class=\"elementor-content-item elementor-cta__content-item elementor-icon-wrapper elementor-cta__icon elementor-view-stacked elementor-shape-circle\">\n                            <div class=\"elementor-icon\">\n                                <i aria-hidden=\"true\" class=\"eyecazi-icon- eyecazi-icon-eye-7\"><\/i>                            <\/div>\n                        <\/div>\n                    \n                    <div class='elementor-content-wrapper'>\n                        \n                        <h6 class=\"elementor-cta__title elementor-cta__content-item elementor-content-item\">K\u00f6vetkeztet\u00e9sek \u00e9s aj\u00e1nl\u00e1s sz\u00e1modra<\/h6>                                                    <div class=\"elementor-cta__description elementor-cta__content-item elementor-content-item\">\n                                <b>\u00d6ssze\u00e1ll\u00edtjuk az \u00f6sszes eredm\u00e9nyt, \u00e9s vil\u00e1gos tervv\u00e9 alak\u00edtjuk \u0151ket.<\/b>. <br>\n<br>- Az eredm\u00e9nyek elemz\u00e9se \u00e9s k\u00f6z\u00e9rthet\u0151 - magyar\u00e1zatok\n<br>- A lehets\u00e9ges optikai megold\u00e1sok megbesz\u00e9l\u00e9se\n\n<br>- V\u00e9gs\u0151 aj\u00e1nl\u00e1s: szem\u00fcveg, kontaktlencse, kezel\u00e9s vagy tov\u00e1bbi vizsg\u00e1latok\n                            <\/div>\n                        \n                                        <\/div>\n            <\/div>\n            <\/div>\n                        <\/div>\n        \t\t\t\t<\/div>\n\t\t\t\t<\/div>\n\t\t\t\t\t<\/div>\n\t\t\t\t<\/div>\n\t\t\t\t<\/div>\n\t\t\t\t\t<\/div>\n\t\t\t\t<\/div>\n\t\t<div class=\"elementor-element elementor-element-9f950ee elementor-hidden-desktop elementor-hidden-laptop elementor-hidden-tablet_extra elementor-hidden-tablet e-flex e-con-boxed e-con e-parent\" data-id=\"9f950ee\" data-element_type=\"container\" data-e-type=\"container\">\n\t\t\t\t\t<div class=\"e-con-inner\">\n\t\t<div class=\"elementor-element elementor-element-1f306aa e-con-full e-flex e-con e-child\" data-id=\"1f306aa\" data-element_type=\"container\" data-e-type=\"container\">\n\t\t<div class=\"elementor-element elementor-element-144b085 e-con-full e-flex e-con e-child\" data-id=\"144b085\" data-element_type=\"container\" data-e-type=\"container\">\n\t\t\t\t<div class=\"elementor-element elementor-element-3bbfb2a animated-fast elementor-button-default elementor-invisible elementor-widget elementor-widget-eyecazi-button\" data-id=\"3bbfb2a\" data-element_type=\"widget\" data-e-type=\"widget\" data-settings=\"{&quot;_animation&quot;:&quot;opal-move-up&quot;}\" data-widget_type=\"eyecazi-button.default\">\n\t\t\t\t<div class=\"elementor-widget-container\">\n\t\t\t\t\t        <div class=\"elementor-button-wrapper\">\n            <a href=\"https:\/\/bestoptic.ro\/hu\/erintkezes\/\" class=\"elementor-button-link elementor-button elementor-size-sm\" role=\"button\">\n                                    <span class=\"elementor-button-content-wrapper content-wrapper\">\n                                    <span class=\"elementor-button-icon\">\n                        <i aria-hidden=\"true\" class=\"eyecazi-icon- eyecazi-icon-arrow-right\"><\/i>                    <\/span>\n                \n                <span class=\"elementor-button-text\" data-name=\"Programeaz\u0103-te\">\n                    <span>Id\u0151pontfoglal\u00e1s<\/span>\n                <\/span>\n            <\/span>\n                    <span class=\"elementor-button-content-wrapper content-wrapper-hover\">\n                                    <span class=\"elementor-button-icon\">\n                        <i aria-hidden=\"true\" class=\"eyecazi-icon- eyecazi-icon-arrow-right\"><\/i>                    <\/span>\n                \n                <span class=\"elementor-button-text\" data-name=\"Programeaz\u0103-te\">\n                    <span>Id\u0151pontfoglal\u00e1s<\/span>\n                <\/span>\n            <\/span>\n                            <\/a>\n        <\/div>\n        \t\t\t\t<\/div>\n\t\t\t\t<\/div>\n\t\t\t\t<\/div>\n\t\t\t\t<\/div>\n\t\t\t\t\t<\/div>\n\t\t\t\t<\/div>\n\t\t\t\t<\/div>","protected":false},"excerpt":{"rendered":"<p>Etape consult Diferen\u021bele care chiar conteaz\u0103 pentru tine \u00cen minimum 25 de minute, ochii t\u0103i trec printr-o consulta\u021bie structurat\u0103 \u00een 20 de etape clare. Totul se \u00eent\u00e2mpl\u0103 \u00een ritm calm, cu tehnologie avansat\u0103 \u0219i protocoale moderne, neinvazive, astfel \u00eenc\u00e2t la final s\u0103 prime\u0219ti un rezultat 100% personalizat. Programeaz\u0103-te Programeaz\u0103-te Cunoa\u0219terea ta ca pacient \u00cencepem cu [&hellip;]<\/p>\n","protected":false},"author":3,"featured_media":0,"parent":0,"menu_order":0,"comment_status":"closed","ping_status":"closed","template":"","meta":{"footnotes":""},"class_list":["post-10504","page","type-page","status-publish","hentry"],"_links":{"self":[{"href":"https:\/\/bestoptic.ro\/hu\/wp-json\/wp\/v2\/pages\/10504","targetHints":{"allow":["GET"]}}],"collection":[{"href":"https:\/\/bestoptic.ro\/hu\/wp-json\/wp\/v2\/pages"}],"about":[{"href":"https:\/\/bestoptic.ro\/hu\/wp-json\/wp\/v2\/types\/page"}],"author":[{"embeddable":true,"href":"https:\/\/bestoptic.ro\/hu\/wp-json\/wp\/v2\/users\/3"}],"replies":[{"embeddable":true,"href":"https:\/\/bestoptic.ro\/hu\/wp-json\/wp\/v2\/comments?post=10504"}],"version-history":[{"count":49,"href":"https:\/\/bestoptic.ro\/hu\/wp-json\/wp\/v2\/pages\/10504\/revisions"}],"predecessor-version":[{"id":11791,"href":"https:\/\/bestoptic.ro\/hu\/wp-json\/wp\/v2\/pages\/10504\/revisions\/11791"}],"wp:attachment":[{"href":"https:\/\/bestoptic.ro\/hu\/wp-json\/wp\/v2\/media?parent=10504"}],"curies":[{"name":"wp","href":"https:\/\/api.w.org\/{rel}","templated":true}]}}