{"id":12421,"date":"2026-02-02T16:57:14","date_gmt":"2026-02-02T14:57:14","guid":{"rendered":"https:\/\/bestoptic.ro\/?page_id=12421"},"modified":"2026-04-07T19:59:45","modified_gmt":"2026-04-07T16:59:45","slug":"thank-you","status":"publish","type":"page","link":"https:\/\/bestoptic.ro\/en\/multumim\/","title":{"rendered":"Mul\u021bumim pentru completare!"},"content":{"rendered":"<ul>\n<li>\n\t\t\t\t\t\t\t\t\t\tThank you!\n\t\t\t\t\t\t\t\t\t<\/li>\n<\/ul>\n<h2>We have received your request.<\/h2>\n<p>Our team will contact you shortly to confirm all the details of your appointment.<\/p>\n<p>During your visit, you will benefit from a complete optometric consultation, carried out at a calm pace, with clear explanations and recommendations tailored to your lifestyle. If you have glasses or older prescriptions, please bring them with you. If you wear contact lenses, keep the box or blister with the lens parameters at hand.<\/p>\n<p>If you would like to adjust anything in the meantime, you can write to us or call us anytime.\u00a0<\/p>\n<h6>\n\t\t\t\t\t\t\tWe look forward to seeing you!<br \/>\n\t\t\t\t\t<\/h6>\n<p>\t\t\t\t\t\t\t\t\t\t\t\t\t\t\t<img fetchpriority=\"high\" decoding=\"async\" width=\"2560\" height=\"1707\" src=\"https:\/\/bestoptic.ro\/wp-content\/uploads\/2025\/08\/DSC00124-Edit-scaled.jpg\" alt=\"\" srcset=\"https:\/\/bestoptic.ro\/wp-content\/uploads\/2025\/08\/DSC00124-Edit-scaled.jpg 2560w, https:\/\/bestoptic.ro\/wp-content\/uploads\/2025\/08\/DSC00124-Edit-300x200.jpg 300w, https:\/\/bestoptic.ro\/wp-content\/uploads\/2025\/08\/DSC00124-Edit-1024x683.jpg 1024w, https:\/\/bestoptic.ro\/wp-content\/uploads\/2025\/08\/DSC00124-Edit-768x512.jpg 768w, https:\/\/bestoptic.ro\/wp-content\/uploads\/2025\/08\/DSC00124-Edit-1536x1024.jpg 1536w, https:\/\/bestoptic.ro\/wp-content\/uploads\/2025\/08\/DSC00124-Edit-2048x1365.jpg 2048w, https:\/\/bestoptic.ro\/wp-content\/uploads\/2025\/08\/DSC00124-Edit-800x533.jpg 800w, https:\/\/bestoptic.ro\/wp-content\/uploads\/2025\/08\/DSC00124-Edit-1000x667.jpg 1000w\" sizes=\"(max-width: 2560px) 100vw, 2560px\" \/><\/p>","protected":false},"excerpt":{"rendered":"<p>Mul\u021bumim! Am primit solicitarea ta Echipa noastr\u0103 va reveni \u00een cur\u00e2nd c\u0103tre tine pentru a stabili toate detaliile program\u0103rii tale. La vizit\u0103 te a\u0219teapt\u0103 un consult optometric complet, f\u0103cut pe \u00eendelete, cu explica\u021bii clare \u0219i recomand\u0103ri potrivite ritmului t\u0103u; dac\u0103 ai ochelari sau re\u021bete vechi, ia-le cu tine, iar dac\u0103 por\u021bi lentile de contact, p\u0103streaz\u0103 [&hellip;]<\/p>\n","protected":false},"author":3,"featured_media":0,"parent":0,"menu_order":0,"comment_status":"closed","ping_status":"closed","template":"elementor_header_footer","meta":{"footnotes":""},"class_list":["post-12421","page","type-page","status-publish","hentry"],"_links":{"self":[{"href":"https:\/\/bestoptic.ro\/en\/wp-json\/wp\/v2\/pages\/12421","targetHints":{"allow":["GET"]}}],"collection":[{"href":"https:\/\/bestoptic.ro\/en\/wp-json\/wp\/v2\/pages"}],"about":[{"href":"https:\/\/bestoptic.ro\/en\/wp-json\/wp\/v2\/types\/page"}],"author":[{"embeddable":true,"href":"https:\/\/bestoptic.ro\/en\/wp-json\/wp\/v2\/users\/3"}],"replies":[{"embeddable":true,"href":"https:\/\/bestoptic.ro\/en\/wp-json\/wp\/v2\/comments?post=12421"}],"version-history":[{"count":7,"href":"https:\/\/bestoptic.ro\/en\/wp-json\/wp\/v2\/pages\/12421\/revisions"}],"predecessor-version":[{"id":12432,"href":"https:\/\/bestoptic.ro\/en\/wp-json\/wp\/v2\/pages\/12421\/revisions\/12432"}],"wp:attachment":[{"href":"https:\/\/bestoptic.ro\/en\/wp-json\/wp\/v2\/media?parent=12421"}],"curies":[{"name":"wp","href":"https:\/\/api.w.org\/{rel}","templated":true}]}}