{"id":10504,"date":"2025-12-04T15:13:18","date_gmt":"2025-12-04T13:13:18","guid":{"rendered":"https:\/\/staging.bestoptic.ro\/?page_id=10504"},"modified":"2026-01-19T13:07:09","modified_gmt":"2026-01-19T11:07:09","slug":"consultation-steps","status":"publish","type":"page","link":"https:\/\/bestoptic.ro\/en\/etape-consult\/","title":{"rendered":"Etape Consult"},"content":{"rendered":"<div data-elementor-type=\"wp-page\" data-elementor-id=\"10504\" class=\"elementor elementor-10504\" data-elementor-post-type=\"page\">\n\t\t\t\t<div class=\"elementor-element elementor-element-1276aba e-flex e-con-boxed e-con e-parent\" data-id=\"1276aba\" data-element_type=\"container\" data-e-type=\"container\">\n\t\t\t\t\t<div class=\"e-con-inner\">\n\t\t<div class=\"elementor-element elementor-element-342730d e-con-full e-flex e-con e-child\" data-id=\"342730d\" data-element_type=\"container\" data-e-type=\"container\">\n\t\t<div class=\"elementor-element elementor-element-5cf05b3 e-con-full e-flex e-con e-child\" data-id=\"5cf05b3\" data-element_type=\"container\" data-e-type=\"container\">\n\t\t\t\t<div class=\"elementor-element elementor-element-2c927ae animated-fast elementor-icon-list--layout-traditional elementor-list-item-link-full_width elementor-invisible elementor-widget elementor-widget-icon-list\" data-id=\"2c927ae\" data-element_type=\"widget\" data-e-type=\"widget\" data-settings=\"{&quot;_animation&quot;:&quot;opal-move-up&quot;}\" data-widget_type=\"icon-list.default\">\n\t\t\t\t<div class=\"elementor-widget-container\">\n\t\t\t\t\t\t\t<ul class=\"elementor-icon-list-items\">\n\t\t\t\t\t\t\t<li class=\"elementor-icon-list-item\">\n\t\t\t\t\t\t\t\t\t\t\t<span class=\"elementor-icon-list-icon\">\n\t\t\t\t\t\t\t<i aria-hidden=\"true\" class=\"eyecazi-icon- eyecazi-icon-icon-cross\"><\/i>\t\t\t\t\t\t<\/span>\n\t\t\t\t\t\t\t\t\t\t<span class=\"elementor-icon-list-text\">Consultation steps<\/span>\n\t\t\t\t\t\t\t\t\t<\/li>\n\t\t\t\t\t\t<\/ul>\n\t\t\t\t\t\t<\/div>\n\t\t\t\t<\/div>\n\t\t\t\t<div class=\"elementor-element elementor-element-e2fa972 elementor-widget__width-initial animated-fast elementor-invisible elementor-widget elementor-widget-heading\" data-id=\"e2fa972\" data-element_type=\"widget\" data-e-type=\"widget\" data-settings=\"{&quot;_animation&quot;:&quot;opal-move-up&quot;}\" data-widget_type=\"heading.default\">\n\t\t\t\t<div class=\"elementor-widget-container\">\n\t\t\t\t\t<h2 class=\"elementor-heading-title elementor-size-default\">The differences that truly matter to you<\/h2>\t\t\t\t<\/div>\n\t\t\t\t<\/div>\n\t\t\t\t<div class=\"elementor-element elementor-element-4d2f985 elementor-widget__width-initial animated-fast elementor-invisible elementor-widget elementor-widget-heading\" data-id=\"4d2f985\" data-element_type=\"widget\" data-e-type=\"widget\" data-settings=\"{&quot;_animation&quot;:&quot;opal-move-up&quot;}\" data-widget_type=\"heading.default\">\n\t\t\t\t<div class=\"elementor-widget-container\">\n\t\t\t\t\t<h4 class=\"elementor-heading-title elementor-size-default\">In a minimum of 25 minutes, your eyes go through a consultation structured in 20 clear steps. <br><br>Everything happens at a calm pace, using advanced technology and modern, non-invasive protocols, so that by the end you receive a 100% personalized result.\n<\/h4>\t\t\t\t<\/div>\n\t\t\t\t<\/div>\n\t\t\t\t<\/div>\n\t\t<div class=\"elementor-element elementor-element-db0ebe2 e-con-full e-flex e-con e-child\" data-id=\"db0ebe2\" data-element_type=\"container\" data-e-type=\"container\">\n\t\t\t\t<div class=\"elementor-element elementor-element-4b6128e animated-fast elementor-hidden-mobile_extra elementor-hidden-mobile elementor-button-default elementor-invisible elementor-widget elementor-widget-eyecazi-button\" data-id=\"4b6128e\" data-element_type=\"widget\" data-e-type=\"widget\" data-settings=\"{&quot;_animation&quot;:&quot;opal-move-up&quot;}\" data-widget_type=\"eyecazi-button.default\">\n\t\t\t\t<div class=\"elementor-widget-container\">\n\t\t\t\t\t        <div class=\"elementor-button-wrapper\">\n            <a href=\"https:\/\/bestoptic.ro\/en\/contact\/\" class=\"elementor-button-link elementor-button elementor-size-sm\" role=\"button\">\n                                    <span class=\"elementor-button-content-wrapper content-wrapper\">\n                                    <span class=\"elementor-button-icon\">\n                        <i aria-hidden=\"true\" class=\"eyecazi-icon- eyecazi-icon-arrow-right\"><\/i>                    <\/span>\n                \n                <span class=\"elementor-button-text\" data-name=\"Programeaz\u0103-te\">\n                    <span>Book an appointment<\/span>\n                <\/span>\n            <\/span>\n                    <span class=\"elementor-button-content-wrapper content-wrapper-hover\">\n                                    <span class=\"elementor-button-icon\">\n                        <i aria-hidden=\"true\" class=\"eyecazi-icon- eyecazi-icon-arrow-right\"><\/i>                    <\/span>\n                \n                <span class=\"elementor-button-text\" data-name=\"Programeaz\u0103-te\">\n                    <span>Book an appointment<\/span>\n                <\/span>\n            <\/span>\n                            <\/a>\n        <\/div>\n        \t\t\t\t<\/div>\n\t\t\t\t<\/div>\n\t\t\t\t<\/div>\n\t\t<div class=\"elementor-element elementor-element-d7c1e88 e-con-full e-grid e-con e-child\" data-id=\"d7c1e88\" data-element_type=\"container\" data-e-type=\"container\">\n\t\t\t\t<div class=\"elementor-element elementor-element-4a511ba elementor-cta--skin-cover elementor-cta--valign-stretch animated-fast elementor-button-default elementor-invisible elementor-widget elementor-widget-eyecazi-banner\" data-id=\"4a511ba\" data-element_type=\"widget\" data-e-type=\"widget\" data-settings=\"{&quot;_animation&quot;:&quot;opal-move-right&quot;}\" data-widget_type=\"eyecazi-banner.default\">\n\t\t\t\t<div class=\"elementor-widget-container\">\n\t\t\t\t\t        <div class=\"elementor-cta\">\n                    <div class=\"elementor-cta__bg-wrapper\">\n                <div class=\"elementor-cta__bg elementor-bg\" style=\"background-image: url();\"><\/div>\n                <div class=\"elementor-cta__bg-overlay\">\n                                    <\/div>\n            <\/div>\n                            <div class=\"elementor-cta__content\">\n                <div class=\"elementor-cta__content-inner\">\n                                            <div class=\"elementor-content-item elementor-cta__content-item elementor-icon-wrapper elementor-cta__icon elementor-view-stacked elementor-shape-circle\">\n                            <div class=\"elementor-icon\">\n                                <i aria-hidden=\"true\" class=\"eyecazi-icon- eyecazi-icon-trusted\"><\/i>                            <\/div>\n                        <\/div>\n                    \n                    <div class='elementor-content-wrapper'>\n                        \n                        <h6 class=\"elementor-cta__title elementor-cta__content-item elementor-content-item\"> Getting to know you as a patient<\/h6>                                                    <div class=\"elementor-cta__description elementor-cta__content-item elementor-content-item\">\n                                <b>We start with you:<\/b><br><br>\n- Medical history, where you tell us about your background, what brings you to the consultation, and how you use your eyes day to day<br>\nEvaluation of your previous correction \u2013 we look at the glasses or contact lenses you currently wear and their condition\n                            <\/div>\n                        \n                                        <\/div>\n            <\/div>\n            <\/div>\n                        <\/div>\n        \t\t\t\t<\/div>\n\t\t\t\t<\/div>\n\t\t\t\t<div class=\"elementor-element elementor-element-361c435 elementor-cta--skin-cover elementor-cta--valign-stretch elementor-cta--layout-icon-below elementor-cta--mobile-layout-icon-above animated-fast elementor-button-default elementor-invisible elementor-widget elementor-widget-eyecazi-banner\" data-id=\"361c435\" data-element_type=\"widget\" data-e-type=\"widget\" data-settings=\"{&quot;_animation&quot;:&quot;opal-move-up&quot;}\" data-widget_type=\"eyecazi-banner.default\">\n\t\t\t\t<div class=\"elementor-widget-container\">\n\t\t\t\t\t        <div class=\"elementor-cta\">\n                    <div class=\"elementor-cta__bg-wrapper\">\n                <div class=\"elementor-cta__bg elementor-bg\" style=\"background-image: url();\"><\/div>\n                <div class=\"elementor-cta__bg-overlay\">\n                                    <\/div>\n            <\/div>\n                            <div class=\"elementor-cta__content\">\n                <div class=\"elementor-cta__content-inner\">\n                                            <div class=\"elementor-content-item elementor-cta__content-item elementor-icon-wrapper elementor-cta__icon elementor-view-stacked elementor-shape-circle\">\n                            <div class=\"elementor-icon\">\n                                <i aria-hidden=\"true\" class=\"eyecazi-icon- eyecazi-icon-attention\"><\/i>                            <\/div>\n                        <\/div>\n                    \n                    <div class='elementor-content-wrapper'>\n                        \n                        <h6 class=\"elementor-cta__title elementor-cta__content-item elementor-content-item\">Assessing your vision as it is now<\/h6>                                                    <div class=\"elementor-cta__description elementor-cta__content-item elementor-content-item\">\n                                <b>We find out how you currently see and what the outside of your eyes looks like.<\/b>\n<br><br>\n- Visual acuity with and without correction<br>\n- Anterior segment examination with a biomicroscope<br>\n- Digital measurements with ZEISS iProfiler<br><br>\n                            <\/div>\n                        \n                                        <\/div>\n            <\/div>\n            <\/div>\n                        <\/div>\n        \t\t\t\t<\/div>\n\t\t\t\t<\/div>\n\t\t\t\t<div class=\"elementor-element elementor-element-9ea971c elementor-cta--skin-cover elementor-cta--valign-stretch animated-fast elementor-button-default elementor-invisible elementor-widget elementor-widget-eyecazi-banner\" data-id=\"9ea971c\" data-element_type=\"widget\" data-e-type=\"widget\" data-settings=\"{&quot;_animation&quot;:&quot;opal-move-left&quot;}\" data-widget_type=\"eyecazi-banner.default\">\n\t\t\t\t<div class=\"elementor-widget-container\">\n\t\t\t\t\t        <div class=\"elementor-cta\">\n                    <div class=\"elementor-cta__bg-wrapper\">\n                <div class=\"elementor-cta__bg elementor-bg\" style=\"background-image: url();\"><\/div>\n                <div class=\"elementor-cta__bg-overlay\">\n                                    <\/div>\n            <\/div>\n                            <div class=\"elementor-cta__content\">\n                <div class=\"elementor-cta__content-inner\">\n                                            <div class=\"elementor-content-item elementor-cta__content-item elementor-icon-wrapper elementor-cta__icon elementor-view-stacked elementor-shape-circle\">\n                            <div class=\"elementor-icon\">\n                                <i aria-hidden=\"true\" class=\"eyecazi-icon- eyecazi-icon-eye-7\"><\/i>                            <\/div>\n                        <\/div>\n                    \n                    <div class='elementor-content-wrapper'>\n                        \n                        <h6 class=\"elementor-cta__title elementor-cta__content-item elementor-content-item\">Determining the right optical correction<\/h6>                                                    <div class=\"elementor-cta__description elementor-cta__content-item elementor-content-item\">\n                                <b>This is where we carefully determine which prescription is right for you.<\/b> <br>\n<br>- Accommodation relaxation\n<br>- Red\/green duochrome test\n<br>- Distance correction check (retinoscopy, phoropter, Jackson cross cylinder)\n<br>- Near and intermediate correction\n<br>- Convergence test\n<br>- Cap &amp; Ball coordination test\n<br>- Determining ocular dominance\n<br>- Cover test (phorias)\n                            <\/div>\n                        \n                                        <\/div>\n            <\/div>\n            <\/div>\n                        <\/div>\n        \t\t\t\t<\/div>\n\t\t\t\t<\/div>\n\t\t\t\t<\/div>\n\t\t<div class=\"elementor-element elementor-element-2065d3f e-grid e-con-boxed e-con e-child\" data-id=\"2065d3f\" data-element_type=\"container\" data-e-type=\"container\">\n\t\t\t\t\t<div class=\"e-con-inner\">\n\t\t\t\t<div class=\"elementor-element elementor-element-f3f158b elementor-cta--skin-cover elementor-cta--valign-stretch elementor-cta--layout-icon-below elementor-cta--mobile-layout-icon-above animated-fast elementor-button-default elementor-invisible elementor-widget elementor-widget-eyecazi-banner\" data-id=\"f3f158b\" data-element_type=\"widget\" data-e-type=\"widget\" data-settings=\"{&quot;_animation&quot;:&quot;opal-move-up&quot;}\" data-widget_type=\"eyecazi-banner.default\">\n\t\t\t\t<div class=\"elementor-widget-container\">\n\t\t\t\t\t        <div class=\"elementor-cta\">\n                    <div class=\"elementor-cta__bg-wrapper\">\n                <div class=\"elementor-cta__bg elementor-bg\" style=\"background-image: url();\"><\/div>\n                <div class=\"elementor-cta__bg-overlay\">\n                                    <\/div>\n            <\/div>\n                            <div class=\"elementor-cta__content\">\n                <div class=\"elementor-cta__content-inner\">\n                                            <div class=\"elementor-content-item elementor-cta__content-item elementor-icon-wrapper elementor-cta__icon elementor-view-stacked elementor-shape-circle\">\n                            <div class=\"elementor-icon\">\n                                <i aria-hidden=\"true\" class=\"eyecazi-icon- eyecazi-icon-attention\"><\/i>                            <\/div>\n                        <\/div>\n                    \n                    <div class='elementor-content-wrapper'>\n                        \n                        <h6 class=\"elementor-cta__title elementor-cta__content-item elementor-content-item\">How your eyes work and how healthy they are<\/h6>                                                    <div class=\"elementor-cta__description elementor-cta__content-item elementor-content-item\">\n                                <b>We check whether your eyes work well together and whether there are any hidden risks or conditions.<\/b>\n<br><br>\n- Color vision (Ishihara test)<br>\n- Binocular vision (Pola Test\/Schrober)\n<br>\n- Digital measurements with ZEISS iProfiler<br>\n- Tonometry (eye pressure)<br>- Digital pupillometry\n<br>- Biometry (axial length measurement)\n<br>- Additional tests (MPS II, topography)\n<br>- Fundus camera \u2013 images of the back of the eye\n<br><br>                            <\/div>\n                        \n                                        <\/div>\n            <\/div>\n            <\/div>\n                        <\/div>\n        \t\t\t\t<\/div>\n\t\t\t\t<\/div>\n\t\t\t\t<div class=\"elementor-element elementor-element-626fa23 elementor-cta--skin-cover elementor-cta--valign-stretch animated-fast elementor-button-default elementor-invisible elementor-widget elementor-widget-eyecazi-banner\" data-id=\"626fa23\" data-element_type=\"widget\" data-e-type=\"widget\" data-settings=\"{&quot;_animation&quot;:&quot;opal-move-left&quot;}\" data-widget_type=\"eyecazi-banner.default\">\n\t\t\t\t<div class=\"elementor-widget-container\">\n\t\t\t\t\t        <div class=\"elementor-cta\">\n                    <div class=\"elementor-cta__bg-wrapper\">\n                <div class=\"elementor-cta__bg elementor-bg\" style=\"background-image: url();\"><\/div>\n                <div class=\"elementor-cta__bg-overlay\">\n                                    <\/div>\n            <\/div>\n                            <div class=\"elementor-cta__content\">\n                <div class=\"elementor-cta__content-inner\">\n                                            <div class=\"elementor-content-item elementor-cta__content-item elementor-icon-wrapper elementor-cta__icon elementor-view-stacked elementor-shape-circle\">\n                            <div class=\"elementor-icon\">\n                                <i aria-hidden=\"true\" class=\"eyecazi-icon- eyecazi-icon-eye-7\"><\/i>                            <\/div>\n                        <\/div>\n                    \n                    <div class='elementor-content-wrapper'>\n                        \n                        <h6 class=\"elementor-cta__title elementor-cta__content-item elementor-content-item\">Conclusions and your personalized recommendation<\/h6>                                                    <div class=\"elementor-cta__description elementor-cta__content-item elementor-content-item\">\n                                <b>We put all the results together and turn them into a clear plan.<\/b>. <br>\n<br>- Analysis of the results and clear explanations\n<br>- Discussion about possible optical solutions\n\n<br>- Final recommendation: glasses, contact lenses, treatment, or additional investigations\n                            <\/div>\n                        \n                                        <\/div>\n            <\/div>\n            <\/div>\n                        <\/div>\n        \t\t\t\t<\/div>\n\t\t\t\t<\/div>\n\t\t\t\t\t<\/div>\n\t\t\t\t<\/div>\n\t\t\t\t<\/div>\n\t\t\t\t\t<\/div>\n\t\t\t\t<\/div>\n\t\t<div class=\"elementor-element elementor-element-9f950ee elementor-hidden-desktop elementor-hidden-laptop elementor-hidden-tablet_extra elementor-hidden-tablet e-flex e-con-boxed e-con e-parent\" data-id=\"9f950ee\" data-element_type=\"container\" data-e-type=\"container\">\n\t\t\t\t\t<div class=\"e-con-inner\">\n\t\t<div class=\"elementor-element elementor-element-1f306aa e-con-full e-flex e-con e-child\" data-id=\"1f306aa\" data-element_type=\"container\" data-e-type=\"container\">\n\t\t<div class=\"elementor-element elementor-element-144b085 e-con-full e-flex e-con e-child\" data-id=\"144b085\" data-element_type=\"container\" data-e-type=\"container\">\n\t\t\t\t<div class=\"elementor-element elementor-element-3bbfb2a animated-fast elementor-button-default elementor-invisible elementor-widget elementor-widget-eyecazi-button\" data-id=\"3bbfb2a\" data-element_type=\"widget\" data-e-type=\"widget\" data-settings=\"{&quot;_animation&quot;:&quot;opal-move-up&quot;}\" data-widget_type=\"eyecazi-button.default\">\n\t\t\t\t<div class=\"elementor-widget-container\">\n\t\t\t\t\t        <div class=\"elementor-button-wrapper\">\n            <a href=\"https:\/\/bestoptic.ro\/en\/contact\/\" class=\"elementor-button-link elementor-button elementor-size-sm\" role=\"button\">\n                                    <span class=\"elementor-button-content-wrapper content-wrapper\">\n                                    <span class=\"elementor-button-icon\">\n                        <i aria-hidden=\"true\" class=\"eyecazi-icon- eyecazi-icon-arrow-right\"><\/i>                    <\/span>\n                \n                <span class=\"elementor-button-text\" data-name=\"Programeaz\u0103-te\">\n                    <span>Book an appointment<\/span>\n                <\/span>\n            <\/span>\n                    <span class=\"elementor-button-content-wrapper content-wrapper-hover\">\n                                    <span class=\"elementor-button-icon\">\n                        <i aria-hidden=\"true\" class=\"eyecazi-icon- eyecazi-icon-arrow-right\"><\/i>                    <\/span>\n                \n                <span class=\"elementor-button-text\" data-name=\"Programeaz\u0103-te\">\n                    <span>Book an appointment<\/span>\n                <\/span>\n            <\/span>\n                            <\/a>\n        <\/div>\n        \t\t\t\t<\/div>\n\t\t\t\t<\/div>\n\t\t\t\t<\/div>\n\t\t\t\t<\/div>\n\t\t\t\t\t<\/div>\n\t\t\t\t<\/div>\n\t\t\t\t<\/div>","protected":false},"excerpt":{"rendered":"<p>Etape consult Diferen\u021bele care chiar conteaz\u0103 pentru tine \u00cen minimum 25 de minute, ochii t\u0103i trec printr-o consulta\u021bie structurat\u0103 \u00een 20 de etape clare. Totul se \u00eent\u00e2mpl\u0103 \u00een ritm calm, cu tehnologie avansat\u0103 \u0219i protocoale moderne, neinvazive, astfel \u00eenc\u00e2t la final s\u0103 prime\u0219ti un rezultat 100% personalizat. Programeaz\u0103-te Programeaz\u0103-te Cunoa\u0219terea ta ca pacient \u00cencepem cu [&hellip;]<\/p>\n","protected":false},"author":3,"featured_media":0,"parent":0,"menu_order":0,"comment_status":"closed","ping_status":"closed","template":"","meta":{"footnotes":""},"class_list":["post-10504","page","type-page","status-publish","hentry"],"_links":{"self":[{"href":"https:\/\/bestoptic.ro\/en\/wp-json\/wp\/v2\/pages\/10504","targetHints":{"allow":["GET"]}}],"collection":[{"href":"https:\/\/bestoptic.ro\/en\/wp-json\/wp\/v2\/pages"}],"about":[{"href":"https:\/\/bestoptic.ro\/en\/wp-json\/wp\/v2\/types\/page"}],"author":[{"embeddable":true,"href":"https:\/\/bestoptic.ro\/en\/wp-json\/wp\/v2\/users\/3"}],"replies":[{"embeddable":true,"href":"https:\/\/bestoptic.ro\/en\/wp-json\/wp\/v2\/comments?post=10504"}],"version-history":[{"count":49,"href":"https:\/\/bestoptic.ro\/en\/wp-json\/wp\/v2\/pages\/10504\/revisions"}],"predecessor-version":[{"id":11791,"href":"https:\/\/bestoptic.ro\/en\/wp-json\/wp\/v2\/pages\/10504\/revisions\/11791"}],"wp:attachment":[{"href":"https:\/\/bestoptic.ro\/en\/wp-json\/wp\/v2\/media?parent=10504"}],"curies":[{"name":"wp","href":"https:\/\/api.w.org\/{rel}","templated":true}]}}